{"id":7748,"date":"2024-04-02T17:35:06","date_gmt":"2024-04-02T20:35:06","guid":{"rendered":"https:\/\/posbmm.icb.usp.br\/?page_id=7748"},"modified":"2024-04-02T17:44:46","modified_gmt":"2024-04-02T20:44:46","slug":"programa-de-mobilidade","status":"publish","type":"page","link":"https:\/\/posbmm.icb.usp.br\/en\/programa-de-mobilidade\/","title":{"rendered":"Programa de mobilidade"},"content":{"rendered":"\t\t<div data-elementor-type=\"wp-page\" data-elementor-id=\"7748\" class=\"elementor elementor-7748\" data-elementor-post-type=\"page\">\n\t\t\t\t\t\t<section class=\"elementor-section elementor-top-section elementor-element elementor-element-29b7abf elementor-section-full_width elementor-section-height-default elementor-section-height-default\" data-id=\"29b7abf\" data-element_type=\"section\" data-settings=\"{&quot;background_background&quot;:&quot;classic&quot;}\">\n\t\t\t\t\t\t\t<div class=\"elementor-background-overlay\"><\/div>\n\t\t\t\t\t\t\t<div class=\"elementor-container elementor-column-gap-default\">\n\t\t\t\t\t<div class=\"elementor-column elementor-col-100 elementor-top-column elementor-element elementor-element-bf6dd0b\" data-id=\"bf6dd0b\" data-element_type=\"column\">\n\t\t\t<div class=\"elementor-widget-wrap elementor-element-populated\">\n\t\t\t\t\t\t<div class=\"elementor-element elementor-element-856bb62 elementor-widget elementor-widget-heading\" data-id=\"856bb62\" data-element_type=\"widget\" data-widget_type=\"heading.default\">\n\t\t\t\t<div class=\"elementor-widget-container\">\n\t\t\t<h2 class=\"elementor-heading-title elementor-size-xl\">Em constru\u00e7\u00e3o<\/h2>\t\t<\/div>\n\t\t\t\t<\/div>\n\t\t\t\t\t<\/div>\n\t\t<\/div>\n\t\t\t\t\t<\/div>\n\t\t<\/section>\n\t\t\t\t<section class=\"elementor-section elementor-top-section elementor-element elementor-element-8097f37 elementor-section-boxed elementor-section-height-default elementor-section-height-default\" data-id=\"8097f37\" data-element_type=\"section\">\n\t\t\t\t\t\t<div class=\"elementor-container elementor-column-gap-default\">\n\t\t\t\t\t<div class=\"elementor-column elementor-col-100 elementor-top-column elementor-element elementor-element-0b5b541\" data-id=\"0b5b541\" data-element_type=\"column\">\n\t\t\t<div class=\"elementor-widget-wrap elementor-element-populated\">\n\t\t\t\t\t\t\t<\/div>\n\t\t<\/div>\n\t\t\t\t\t<\/div>\n\t\t<\/section>\n\t\t\t\t<section class=\"elementor-section elementor-top-section elementor-element elementor-element-98cda31 elementor-section-boxed elementor-section-height-default elementor-section-height-default\" data-id=\"98cda31\" data-element_type=\"section\">\n\t\t\t\t\t\t<div class=\"elementor-container elementor-column-gap-default\">\n\t\t\t\t\t<div class=\"elementor-column elementor-col-50 elementor-top-column elementor-element elementor-element-9d1fe5e\" data-id=\"9d1fe5e\" data-element_type=\"column\">\n\t\t\t<div class=\"elementor-widget-wrap elementor-element-populated\">\n\t\t\t\t\t\t<div class=\"elementor-element elementor-element-3bfd8b5 elementor-widget elementor-widget-heading\" data-id=\"3bfd8b5\" data-element_type=\"widget\" data-widget_type=\"heading.default\">\n\t\t\t\t<div class=\"elementor-widget-container\">\n\t\t\t<h2 class=\"elementor-heading-title elementor-size-default\">Composi\u00e7\u00e3o das comiss\u00f5es anteriores<br><br><br><br><\/h2>\t\t<\/div>\n\t\t\t\t<\/div>\n\t\t\t\t<div class=\"elementor-element elementor-element-774d9be elementor-align-center elementor-widget elementor-widget-button\" data-id=\"774d9be\" data-element_type=\"widget\" data-widget_type=\"button.default\">\n\t\t\t\t<div class=\"elementor-widget-container\">\n\t\t\t\t\t\t\t<div class=\"elementor-button-wrapper\">\n\t\t\t\t\t<a class=\"elementor-button elementor-button-link elementor-size-sm\" href=\"http:\/\/www.icb.usp.br\/~sbibicb\/\" target=\"_blank\">\n\t\t\t\t\t\t<span class=\"elementor-button-content-wrapper\">\n\t\t\t\t\t\t\t\t\t<span class=\"elementor-button-text\">Acesse aqui<\/span>\n\t\t\t\t\t<\/span>\n\t\t\t\t\t<\/a>\n\t\t\t\t<\/div>\n\t\t\t\t\t\t<\/div>\n\t\t\t\t<\/div>\n\t\t\t\t\t<\/div>\n\t\t<\/div>\n\t\t\t\t<div class=\"elementor-column elementor-col-50 elementor-top-column elementor-element elementor-element-a25637d\" data-id=\"a25637d\" data-element_type=\"column\">\n\t\t\t<div class=\"elementor-widget-wrap elementor-element-populated\">\n\t\t\t\t\t\t<div class=\"elementor-element elementor-element-2f13488 elementor-widget elementor-widget-heading\" data-id=\"2f13488\" data-element_type=\"widget\" data-widget_type=\"heading.default\">\n\t\t\t\t<div class=\"elementor-widget-container\">\n\t\t\t<h2 class=\"elementor-heading-title elementor-size-default\">Para a divulga\u00e7\u00e3o da sua defesa de disserta\u00e7\u00e3o de mestrado\/tese de doutorado, preencha este documento e envie para: micropos@icb.usp.br<\/h2>\t\t<\/div>\n\t\t\t\t<\/div>\n\t\t\t\t<div class=\"elementor-element elementor-element-b447227 elementor-align-center elementor-widget elementor-widget-button\" data-id=\"b447227\" data-element_type=\"widget\" data-widget_type=\"button.default\">\n\t\t\t\t<div class=\"elementor-widget-container\">\n\t\t\t\t\t\t\t<div class=\"elementor-button-wrapper\">\n\t\t\t\t\t<a class=\"elementor-button elementor-button-link elementor-size-sm\" href=\"https:\/\/posbmm.icb.usp.br\/wp-content\/uploads\/sites\/951\/2023\/06\/Divulgacao-Defesas.pptx\" target=\"_blank\">\n\t\t\t\t\t\t<span class=\"elementor-button-content-wrapper\">\n\t\t\t\t\t\t\t\t\t<span class=\"elementor-button-text\">Acesse aqui<\/span>\n\t\t\t\t\t<\/span>\n\t\t\t\t\t<\/a>\n\t\t\t\t<\/div>\n\t\t\t\t\t\t<\/div>\n\t\t\t\t<\/div>\n\t\t\t\t\t<\/div>\n\t\t<\/div>\n\t\t\t\t\t<\/div>\n\t\t<\/section>\n\t\t\t\t<section class=\"elementor-section elementor-top-section elementor-element elementor-element-af273e8 elementor-section-boxed elementor-section-height-default elementor-section-height-default\" data-id=\"af273e8\" data-element_type=\"section\">\n\t\t\t\t\t\t<div class=\"elementor-container elementor-column-gap-default\">\n\t\t\t\t\t<div class=\"elementor-column elementor-col-100 elementor-top-column elementor-element elementor-element-98647d9\" data-id=\"98647d9\" data-element_type=\"column\">\n\t\t\t<div class=\"elementor-widget-wrap elementor-element-populated\">\n\t\t\t\t\t\t<div class=\"elementor-element elementor-element-2b66449 elementor-widget elementor-widget-heading\" data-id=\"2b66449\" data-element_type=\"widget\" data-widget_type=\"heading.default\">\n\t\t\t\t<div class=\"elementor-widget-container\">\n\t\t\t<h2 class=\"elementor-heading-title elementor-size-default\">P\u00e1gina de formul\u00e1rios<br><br><br><\/h2>\t\t<\/div>\n\t\t\t\t<\/div>\n\t\t\t\t<div class=\"elementor-element elementor-element-bb640e0 elementor-align-center elementor-widget elementor-widget-button\" data-id=\"bb640e0\" data-element_type=\"widget\" data-widget_type=\"button.default\">\n\t\t\t\t<div class=\"elementor-widget-container\">\n\t\t\t\t\t\t\t<div class=\"elementor-button-wrapper\">\n\t\t\t\t\t<a class=\"elementor-button elementor-button-link elementor-size-sm\" href=\"https:\/\/posbmm.icb.usp.br\/formularios-para-alunos\/\" target=\"_blank\">\n\t\t\t\t\t\t<span class=\"elementor-button-content-wrapper\">\n\t\t\t\t\t\t\t\t\t<span class=\"elementor-button-text\">Acesse aqui<\/span>\n\t\t\t\t\t<\/span>\n\t\t\t\t\t<\/a>\n\t\t\t\t<\/div>\n\t\t\t\t\t\t<\/div>\n\t\t\t\t<\/div>\n\t\t\t\t\t<\/div>\n\t\t<\/div>\n\t\t\t\t\t<\/div>\n\t\t<\/section>\n\t\t\t\t<section class=\"elementor-section elementor-top-section elementor-element elementor-element-a64ecf2 elementor-section-boxed elementor-section-height-default elementor-section-height-default\" data-id=\"a64ecf2\" data-element_type=\"section\">\n\t\t\t\t\t\t<div class=\"elementor-container elementor-column-gap-default\">\n\t\t\t\t\t<div class=\"elementor-column elementor-col-100 elementor-top-column elementor-element elementor-element-d420879\" data-id=\"d420879\" data-element_type=\"column\">\n\t\t\t<div class=\"elementor-widget-wrap elementor-element-populated\">\n\t\t\t\t\t\t<div class=\"elementor-element elementor-element-d3a54ae elementor-widget elementor-widget-text-editor\" data-id=\"d3a54ae\" data-element_type=\"widget\" data-widget_type=\"text-editor.default\">\n\t\t\t\t<div class=\"elementor-widget-container\">\n\t\t\t\t\t\t\t<p><span style=\"font-weight: 400;\">O formul\u00e1rio preenchido com a sugest\u00e3o de banca deve ser entregue 30 dias antes da realiza\u00e7\u00e3o do dep\u00f3sito.<\/span><\/p><p>\u00a0Todos os documentos necess\u00e1rios para o dep\u00f3sito, com exce\u00e7\u00e3o do comprovante de entrega da vers\u00e3o impressa, podem ser baixados na p\u00e1gina \u201cFormul\u00e1rios\u201d deste site.<\/p><p>\u00a0Antes de realizar o dep\u00f3sito digital, o p\u00f3s-graduando dever\u00e1 entregar 1 vers\u00e3o impressa e encadernada da disserta\u00e7\u00e3o\/tese original integral na secretaria de p\u00f3s-gradua\u00e7\u00e3o da Microbiologia (ICB II). Ele receber\u00e1 um comprovante de entrega que \u00e9 obrigat\u00f3rio para o dep\u00f3sito digital.<\/p><p>\u00a0O p\u00f3s-graduando dever\u00e1 fazer o dep\u00f3sito digital com pelo menos um dia \u00fatil de anteced\u00eancia da data limite para o Dep\u00f3sito estabelecida no Sistema Janus, para dar tempo dos funcion\u00e1rios da Se\u00e7\u00e3o de alunos PG \u2013 ICB III (3091-7439) verificarem se a vers\u00e3o est\u00e1 de acordo com as normas para aprovar o dep\u00f3sito dentro do prazo. O dep\u00f3sito deve ser realizado at\u00e9 as 15h e informado para os e-mails: lucianna@usp.br e spgicb@usp.br.<\/p><div id=\"acfifjfajpekbmhmjppnmmjgmhjkildl\" class=\"acfifjfajpekbmhmjppnmmjgmhjkildl\">\u00a0<span style=\"color: var( --e-global-color-text ); font-size: 1.5rem; text-align: var(--text-align);\">\u00a0<\/span><\/div><div id=\"acfifjfajpekbmhmjppnmmjgmhjkildl\" class=\"acfifjfajpekbmhmjppnmmjgmhjkildl\">\u00a0<\/div>\t\t\t\t\t\t<\/div>\n\t\t\t\t<\/div>\n\t\t\t\t\t<\/div>\n\t\t<\/div>\n\t\t\t\t\t<\/div>\n\t\t<\/section>\n\t\t\t\t<section class=\"elementor-section elementor-top-section elementor-element elementor-element-3fca9cf elementor-section-boxed elementor-section-height-default elementor-section-height-default\" data-id=\"3fca9cf\" data-element_type=\"section\">\n\t\t\t\t\t\t<div class=\"elementor-container elementor-column-gap-default\">\n\t\t\t\t\t<div class=\"elementor-column elementor-col-100 elementor-top-column elementor-element elementor-element-4426bec\" data-id=\"4426bec\" data-element_type=\"column\">\n\t\t\t<div class=\"elementor-widget-wrap elementor-element-populated\">\n\t\t\t\t\t\t<div class=\"elementor-element elementor-element-26cca6f elementor-widget elementor-widget-heading\" data-id=\"26cca6f\" data-element_type=\"widget\" data-widget_type=\"heading.default\">\n\t\t\t\t<div class=\"elementor-widget-container\">\n\t\t\t<h2 class=\"elementor-heading-title elementor-size-default\">Instru\u00e7\u00f5es para dep\u00f3sito digital<br><br><br><\/h2>\t\t<\/div>\n\t\t\t\t<\/div>\n\t\t\t\t<div class=\"elementor-element elementor-element-e69a6bf elementor-align-center elementor-widget elementor-widget-button\" data-id=\"e69a6bf\" data-element_type=\"widget\" data-widget_type=\"button.default\">\n\t\t\t\t<div class=\"elementor-widget-container\">\n\t\t\t\t\t\t\t<div class=\"elementor-button-wrapper\">\n\t\t\t\t\t<a class=\"elementor-button elementor-button-link elementor-size-sm\" href=\"https:\/\/posbmm.icb.usp.br\/wp-content\/uploads\/sites\/951\/2023\/06\/Deposito-Online-06-10-21.pdf\" target=\"_blank\">\n\t\t\t\t\t\t<span class=\"elementor-button-content-wrapper\">\n\t\t\t\t\t\t\t\t\t<span class=\"elementor-button-text\">Acesse aqui<\/span>\n\t\t\t\t\t<\/span>\n\t\t\t\t\t<\/a>\n\t\t\t\t<\/div>\n\t\t\t\t\t\t<\/div>\n\t\t\t\t<\/div>\n\t\t\t\t\t<\/div>\n\t\t<\/div>\n\t\t\t\t\t<\/div>\n\t\t<\/section>\n\t\t\t\t<section class=\"elementor-section elementor-top-section elementor-element elementor-element-fb53911 elementor-section-boxed elementor-section-height-default elementor-section-height-default\" data-id=\"fb53911\" data-element_type=\"section\">\n\t\t\t\t\t\t<div class=\"elementor-container elementor-column-gap-default\">\n\t\t\t\t\t<div class=\"elementor-column elementor-col-100 elementor-top-column elementor-element elementor-element-4a1ac6a\" data-id=\"4a1ac6a\" data-element_type=\"column\">\n\t\t\t<div class=\"elementor-widget-wrap elementor-element-populated\">\n\t\t\t\t\t\t<div class=\"elementor-element elementor-element-55d4ab7 elementor-widget elementor-widget-text-editor\" data-id=\"55d4ab7\" data-element_type=\"widget\" data-widget_type=\"text-editor.default\">\n\t\t\t\t<div class=\"elementor-widget-container\">\n\t\t\t\t\t\t\t<p><span style=\"font-weight: 400;\">No dia seguinte da reuni\u00e3o da CPG, o p\u00f3s-graduando receber\u00e1 um e-mail com a lista definitiva homologada pela CPG e dever\u00e1 agendar sua defesa na CPG \u2013 ICB III (lucianna@usp.br e spgicb@usp.br).\u00a0 O prazo m\u00ednimo para a realiza\u00e7\u00e3o da defesa \u00e9 15 dias a partir do dia que o p\u00f3s-graduando entra em contato com a CPG. No e-mail deve constar: Nome completo do p\u00f3s-graduando, dia da defesa, hor\u00e1rio, membros confirmados para a data: Orientador (presidente), 01 externo \u00e0 USP, 01 externo ao programa e 01 interno.<\/span><\/p><p><span style=\"font-weight: 400;\">O membro da banca externo \u00e0 USP s\u00f3 pode ser substitu\u00eddo pelo seu suplente. O externo ao programa pode ser substitu\u00eddo por seu suplente ou pelo externo \u00e0 USP. O interno pode ser substitu\u00eddo pelo seu suplente ou pelos dois primeiros.<\/span><\/p><p><span style=\"font-weight: 400;\">O p\u00f3s-graduando pode realizar a defesa de modo presencial, nas salas 101 ou 207 do ICB II ou na sala de defesa da CPG no ICB III, que tem 28 lugares, tem laser point trocador de slides, \u00e9 oferecida \u00e1gua ao orientando e aos membros da banca. A defesa pode tamb\u00e9m ser realizada de forma h\u00edbrida, onde o p\u00f3s-graduando e o seu orientador precisam estar presencialmente no ICB, por\u00e9m os membros da banca podem participar da defesa presencialmente ou online.<\/span><\/p><p><span style=\"font-weight: 400;\">O tempo m\u00e1ximo da apresenta\u00e7\u00e3o verbal para o p\u00f3s-graduando \u00e9 de 30 minutos. Cada examinador dispor\u00e1 de 30 minutos realizar a argui\u00e7\u00e3o, cabendo ao candidato igual tempo para resposta. Havendo concord\u00e2ncia, a argui\u00e7\u00e3o poder\u00e1 ser feita em forma de di\u00e1logo e, neste caso, a dura\u00e7\u00e3o total n\u00e3o poder\u00e1 exceder 60 minutos. A sess\u00e3o p\u00fablica n\u00e3o dever\u00e1 exceder o prazo de tr\u00eas horas.<br \/><\/span><\/p><p><span style=\"font-weight: 400;\">Ap\u00f3s defesa o aluno ter\u00e1 59 dias corridos para inserir a vers\u00e3o corrigida no Janus e entregar 1 exemplar impresso da vers\u00e3o corrigida na Secretaria de P\u00f3s-Gradua\u00e7\u00e3o em Microbiologia (ICB II).<\/span><\/p>\t\t\t\t\t\t<\/div>\n\t\t\t\t<\/div>\n\t\t\t\t\t<\/div>\n\t\t<\/div>\n\t\t\t\t\t<\/div>\n\t\t<\/section>\n\t\t\t\t<\/div>\n\t\t","protected":false},"excerpt":{"rendered":"<p>Em constru\u00e7\u00e3o Composi\u00e7\u00e3o das comiss\u00f5es anteriores Acesse aqui Para a divulga\u00e7\u00e3o da sua defesa de disserta\u00e7\u00e3o de mestrado\/tese de doutorado, preencha este documento e envie para: micropos@icb.usp.br Acesse aqui P\u00e1gina &hellip; <\/p>\n<p class=\"link-more\"><a href=\"https:\/\/posbmm.icb.usp.br\/en\/programa-de-mobilidade\/\" class=\"more-link\">Continue reading<span class=\"screen-reader-text\"> &#8220;Programa de mobilidade&#8221;<\/span><\/a><\/p>\n","protected":false},"author":22413,"featured_media":0,"parent":0,"menu_order":0,"comment_status":"closed","ping_status":"closed","template":"elementor_header_footer","meta":{"footnotes":"","_links_to":"","_links_to_target":""},"class_list":["post-7748","page","type-page","status-publish","hentry"],"_links":{"self":[{"href":"https:\/\/posbmm.icb.usp.br\/en\/wp-json\/wp\/v2\/pages\/7748","targetHints":{"allow":["GET"]}}],"collection":[{"href":"https:\/\/posbmm.icb.usp.br\/en\/wp-json\/wp\/v2\/pages"}],"about":[{"href":"https:\/\/posbmm.icb.usp.br\/en\/wp-json\/wp\/v2\/types\/page"}],"author":[{"embeddable":true,"href":"https:\/\/posbmm.icb.usp.br\/en\/wp-json\/wp\/v2\/users\/22413"}],"replies":[{"embeddable":true,"href":"https:\/\/posbmm.icb.usp.br\/en\/wp-json\/wp\/v2\/comments?post=7748"}],"version-history":[{"count":4,"href":"https:\/\/posbmm.icb.usp.br\/en\/wp-json\/wp\/v2\/pages\/7748\/revisions"}],"predecessor-version":[{"id":7753,"href":"https:\/\/posbmm.icb.usp.br\/en\/wp-json\/wp\/v2\/pages\/7748\/revisions\/7753"}],"wp:attachment":[{"href":"https:\/\/posbmm.icb.usp.br\/en\/wp-json\/wp\/v2\/media?parent=7748"}],"curies":[{"name":"wp","href":"https:\/\/api.w.org\/{rel}","templated":true}]}}