{"id":4823,"date":"2023-03-08T00:30:38","date_gmt":"2023-03-08T03:30:38","guid":{"rendered":"https:\/\/dev-scitecjr.com.br\/?page_id=655"},"modified":"2025-02-12T12:27:19","modified_gmt":"2025-02-12T15:27:19","slug":"matricula","status":"publish","type":"page","link":"https:\/\/posbmm.icb.usp.br\/es\/matricula\/","title":{"rendered":"Matr\u00edcula"},"content":{"rendered":"\t\t<div data-elementor-type=\"wp-page\" data-elementor-id=\"4823\" class=\"elementor elementor-4823\" data-elementor-post-type=\"page\">\n\t\t\t\t\t\t<section class=\"elementor-section elementor-top-section elementor-element elementor-element-aa44eb6 elementor-section-full_width elementor-section-height-default elementor-section-height-default\" data-id=\"aa44eb6\" data-element_type=\"section\" data-settings=\"{&quot;background_background&quot;:&quot;classic&quot;}\">\n\t\t\t\t\t\t\t<div class=\"elementor-background-overlay\"><\/div>\n\t\t\t\t\t\t\t<div class=\"elementor-container elementor-column-gap-default\">\n\t\t\t\t\t<div class=\"elementor-column elementor-col-100 elementor-top-column elementor-element elementor-element-c55772e\" data-id=\"c55772e\" data-element_type=\"column\">\n\t\t\t<div class=\"elementor-widget-wrap elementor-element-populated\">\n\t\t\t\t\t\t<div class=\"elementor-element elementor-element-2b529a8 elementor-widget elementor-widget-heading\" data-id=\"2b529a8\" data-element_type=\"widget\" data-widget_type=\"heading.default\">\n\t\t\t\t<div class=\"elementor-widget-container\">\n\t\t\t<h2 class=\"elementor-heading-title elementor-size-xl\">Dados de matr\u00edcula<\/h2>\t\t<\/div>\n\t\t\t\t<\/div>\n\t\t\t\t\t<\/div>\n\t\t<\/div>\n\t\t\t\t\t<\/div>\n\t\t<\/section>\n\t\t\t\t<section class=\"elementor-section elementor-top-section elementor-element elementor-element-7ca935d elementor-section-boxed elementor-section-height-default elementor-section-height-default\" data-id=\"7ca935d\" data-element_type=\"section\">\n\t\t\t\t\t\t<div class=\"elementor-container elementor-column-gap-default\">\n\t\t\t\t\t<div class=\"elementor-column elementor-col-100 elementor-top-column elementor-element elementor-element-cbabce9\" data-id=\"cbabce9\" data-element_type=\"column\">\n\t\t\t<div class=\"elementor-widget-wrap elementor-element-populated\">\n\t\t\t\t\t\t<div class=\"elementor-element elementor-element-d314694 elementor-widget elementor-widget-text-editor\" data-id=\"d314694\" data-element_type=\"widget\" data-widget_type=\"text-editor.default\">\n\t\t\t\t<div class=\"elementor-widget-container\">\n\t\t\t\t\t\t\t<p><span style=\"font-weight: 400;\">Candidatos aprovados no processo seletivo devem enviar todos os documentos para a matr\u00edcula indicados abaixo por email para micropos@icb.usp.br.<\/span><\/p><p><span style=\"font-weight: 400;\">Documenta\u00e7\u00e3o obrigat\u00f3ria para a matr\u00edcula. Todos os formul\u00e1rios podem ser baixados na p\u00e1gina <\/span><i><span style=\"font-weight: 400;\">Formul\u00e1rios<\/span><\/i><span style=\"font-weight: 400;\">:<\/span><\/p><ul><li style=\"list-style-type: none;\"><ul><li><span style=\"font-weight: 400;\">Projeto de pesquisa;<\/span><\/li><li>Certificado de profici\u00eancia em ingl\u00eas (lista de certificados pode ser acessada <a href=\"https:\/\/posbmm.icb.usp.br\/wp-content\/uploads\/sites\/951\/2024\/06\/Portaria-4-proficiencia.pdf\">neste link<\/a>);<\/li><li>Certificado da Comiss\u00e3o de \u00c9tica.<\/li><li>Certificado do curso obrigat\u00f3rio e online <a href=\"http:\/\/www.icb.usp.br\/infoicb\/cursos\/curso_Armazenamento_Manuseio_e_Descarte_de_Produtos_Quimicos.pdf\">\u00abArmazenamento, manuseio e descarte de produtos qu\u00edmicos\u00bb<\/a><\/li><\/ul><\/li><\/ul><p><span style=\"font-weight: 400;\">Os formul\u00e1rios abaixo preenchidos e assinados pelo p\u00f3s-graduando e seu futuro orientador (n\u00e3o colocar data):<\/span><\/p><ul><li style=\"list-style-type: none;\"><ul><li><span style=\"font-weight: 400;\">Declara\u00e7\u00e3o de ci\u00eancia das normas;<\/span><\/li><li><span style=\"font-weight: 400;\">Aceite de orienta\u00e7\u00e3o;<\/span><\/li><li><span style=\"font-weight: 400;\">Declara\u00e7\u00e3o de linha de pesquisa e projeto vinculado ao curso;<\/span><\/li><li><span style=\"font-weight: 400;\">Solicita\u00e7\u00e3o de matr\u00edcula.<\/span><\/li><\/ul><\/li><\/ul><p>E tamb\u00e9m os documentos pessoais:<\/p><div><ul><li style=\"list-style-type: none;\"><ul><li><span style=\"font-weight: 400;\">C\u00e9dula de Identidade, T\u00edtulo de eleitor com comprovante da \u00faltima vota\u00e7\u00e3o, Certid\u00e3o de Nascimento ou Casamento (apenas brasileiros);<\/span><\/li><li>RNE &#8211; Registro Nacional de estrangeiro \/ RNM &#8211; Registro Nacional Migrat\u00f3rio (apenas estrangeiros);<\/li><li>CPF;<\/li><li>Certificado de reservista (apenas brasileiros do g\u00eanero masculino);<\/li><li>Curr\u00edculo Lattes com cadastro no ORCID;<\/li><li>Diploma de Gradua\u00e7\u00e3o frente e verso;<\/li><li>Hist\u00f3rico escolar de Gradua\u00e7\u00e3o, constando data da cola\u00e7\u00e3o de grau (frente e verso).\u00a0<\/li><\/ul><\/li><\/ul><\/div><div><p><span style=\"font-weight: 400;\">Para candidatos que j\u00e1 realizaram o Mestrado e foram aprovados para o Doutorado:<\/span><\/p><ul><li style=\"list-style-type: none;\"><ul><li><span style=\"font-weight: 400;\">Diploma ou declara\u00e7\u00e3o de obten\u00e7\u00e3o do t\u00edtulo de Mestre, constando a homologa\u00e7\u00e3o da defesa. <br \/><\/span><\/li><\/ul><\/li><\/ul><\/div><div id=\"acfifjfajpekbmhmjppnmmjgmhjkildl\" class=\"acfifjfajpekbmhmjppnmmjgmhjkildl\">\u00a0<\/div>\t\t\t\t\t\t<\/div>\n\t\t\t\t<\/div>\n\t\t\t\t\t<\/div>\n\t\t<\/div>\n\t\t\t\t\t<\/div>\n\t\t<\/section>\n\t\t\t\t<section class=\"elementor-section elementor-top-section elementor-element elementor-element-89f673e elementor-section-boxed elementor-section-height-default elementor-section-height-default\" data-id=\"89f673e\" data-element_type=\"section\">\n\t\t\t\t\t\t<div class=\"elementor-container elementor-column-gap-default\">\n\t\t\t\t\t<div class=\"elementor-column elementor-col-100 elementor-top-column elementor-element elementor-element-b92383e\" data-id=\"b92383e\" data-element_type=\"column\">\n\t\t\t<div class=\"elementor-widget-wrap elementor-element-populated\">\n\t\t\t\t\t\t<div class=\"elementor-element elementor-element-c5704f7 elementor-widget elementor-widget-heading\" data-id=\"c5704f7\" data-element_type=\"widget\" data-widget_type=\"heading.default\">\n\t\t\t\t<div class=\"elementor-widget-container\">\n\t\t\t<h2 class=\"elementor-heading-title elementor-size-default\">P\u00e1gina de Formul\u00e1rios<\/h2>\t\t<\/div>\n\t\t\t\t<\/div>\n\t\t\t\t<div class=\"elementor-element elementor-element-e8fb526 elementor-align-center elementor-widget elementor-widget-button\" data-id=\"e8fb526\" data-element_type=\"widget\" data-widget_type=\"button.default\">\n\t\t\t\t<div class=\"elementor-widget-container\">\n\t\t\t\t\t\t\t<div class=\"elementor-button-wrapper\">\n\t\t\t\t\t<a class=\"elementor-button elementor-button-link elementor-size-sm\" href=\"https:\/\/posbmm.icb.usp.br\/formularios-para-alunos\/\" target=\"_blank\">\n\t\t\t\t\t\t<span class=\"elementor-button-content-wrapper\">\n\t\t\t\t\t\t\t\t\t<span class=\"elementor-button-text\">Clique aqui<\/span>\n\t\t\t\t\t<\/span>\n\t\t\t\t\t<\/a>\n\t\t\t\t<\/div>\n\t\t\t\t\t\t<\/div>\n\t\t\t\t<\/div>\n\t\t\t\t\t<\/div>\n\t\t<\/div>\n\t\t\t\t\t<\/div>\n\t\t<\/section>\n\t\t\t\t<section class=\"elementor-section elementor-top-section elementor-element elementor-element-f6a18da elementor-section-boxed elementor-section-height-default elementor-section-height-default\" data-id=\"f6a18da\" data-element_type=\"section\">\n\t\t\t\t\t\t<div class=\"elementor-container elementor-column-gap-default\">\n\t\t\t\t\t<div class=\"elementor-column elementor-col-100 elementor-top-column elementor-element elementor-element-d43ff39\" data-id=\"d43ff39\" data-element_type=\"column\">\n\t\t\t<div class=\"elementor-widget-wrap elementor-element-populated\">\n\t\t\t\t\t\t<div class=\"elementor-element elementor-element-cf51475 elementor-widget elementor-widget-spacer\" data-id=\"cf51475\" data-element_type=\"widget\" data-widget_type=\"spacer.default\">\n\t\t\t\t<div class=\"elementor-widget-container\">\n\t\t\t\t\t<div class=\"elementor-spacer\">\n\t\t\t<div class=\"elementor-spacer-inner\"><\/div>\n\t\t<\/div>\n\t\t\t\t<\/div>\n\t\t\t\t<\/div>\n\t\t\t\t\t<\/div>\n\t\t<\/div>\n\t\t\t\t\t<\/div>\n\t\t<\/section>\n\t\t\t\t<section class=\"elementor-section elementor-top-section elementor-element elementor-element-254998b elementor-section-boxed elementor-section-height-default elementor-section-height-default\" data-id=\"254998b\" data-element_type=\"section\">\n\t\t\t\t\t\t<div class=\"elementor-container elementor-column-gap-default\">\n\t\t\t\t\t<div class=\"elementor-column elementor-col-100 elementor-top-column elementor-element elementor-element-4baea14\" data-id=\"4baea14\" data-element_type=\"column\">\n\t\t\t<div class=\"elementor-widget-wrap elementor-element-populated\">\n\t\t\t\t\t\t<div class=\"elementor-element elementor-element-ef8c894 elementor-widget elementor-widget-text-editor\" data-id=\"ef8c894\" data-element_type=\"widget\" data-widget_type=\"text-editor.default\">\n\t\t\t\t<div class=\"elementor-widget-container\">\n\t\t\t\t\t\t\t<p>Comiss\u00e3o de \u00c9tica<\/p>\t\t\t\t\t\t<\/div>\n\t\t\t\t<\/div>\n\t\t\t\t\t<\/div>\n\t\t<\/div>\n\t\t\t\t\t<\/div>\n\t\t<\/section>\n\t\t\t\t<section class=\"elementor-section elementor-top-section elementor-element elementor-element-6c10f1b elementor-section-boxed elementor-section-height-default elementor-section-height-default\" data-id=\"6c10f1b\" data-element_type=\"section\">\n\t\t\t\t\t\t<div class=\"elementor-container elementor-column-gap-default\">\n\t\t\t\t\t<div class=\"elementor-column elementor-col-100 elementor-top-column elementor-element elementor-element-fc0606f\" data-id=\"fc0606f\" data-element_type=\"column\">\n\t\t\t<div class=\"elementor-widget-wrap elementor-element-populated\">\n\t\t\t\t\t\t<div class=\"elementor-element elementor-element-4d334fc elementor-widget elementor-widget-text-editor\" data-id=\"4d334fc\" data-element_type=\"widget\" data-widget_type=\"text-editor.default\">\n\t\t\t\t<div class=\"elementor-widget-container\">\n\t\t\t\t\t\t\t<p><span style=\"font-weight: 400;\">Ap\u00f3s redigir o projeto de pesquisa, o candidato precisa solicitar o certificado da Comiss\u00e3o de \u00c9tica ao qual o seu projeto se encaixa. Caso a pesquisa envolva animais, deve solicitar o certificado da CEUA (Comiss\u00e3o de \u00c9tica no Uso dos Animais), caso a pesquisa envolva seres humanos, o certificado a ser solicitado \u00e9 o da CEPSH (Comiss\u00e3o de \u00c9tica em Pesquisa com Seres Humanos), por\u00e9m, caso a pesquisa n\u00e3o v\u00e1 envolver amostras animais e nem humanas, deve-se solicitar a Declara\u00e7\u00e3o do Comit\u00ea de \u00c9tica em Pesquisa.<\/span><\/p><p><span style=\"font-weight: 400;\">Caso os experimentos sejam feitos em sua totalidade em outra unidade da USP, o candidato deve apresentar na secretaria de p\u00f3s-gradua\u00e7\u00e3o o certificado de \u00e9tica da unidade onde ser\u00e3o realizados os experimentos, n\u00e3o sendo necess\u00e1rio solicitar certificados da Comiss\u00e3o de \u00c9tica do ICB.<\/span><\/p><div id=\"acfifjfajpekbmhmjppnmmjgmhjkildl\" class=\"acfifjfajpekbmhmjppnmmjgmhjkildl\">\u00a0<\/div><div id=\"acfifjfajpekbmhmjppnmmjgmhjkildl\" class=\"acfifjfajpekbmhmjppnmmjgmhjkildl\">\u00a0<\/div>\t\t\t\t\t\t<\/div>\n\t\t\t\t<\/div>\n\t\t\t\t\t<\/div>\n\t\t<\/div>\n\t\t\t\t\t<\/div>\n\t\t<\/section>\n\t\t\t\t<section class=\"elementor-section elementor-top-section elementor-element elementor-element-672fdb7 elementor-section-boxed elementor-section-height-default elementor-section-height-default\" data-id=\"672fdb7\" data-element_type=\"section\">\n\t\t\t\t\t\t<div class=\"elementor-container elementor-column-gap-extended\">\n\t\t\t\t\t<div class=\"elementor-column elementor-col-33 elementor-top-column elementor-element elementor-element-575c6d1\" data-id=\"575c6d1\" data-element_type=\"column\">\n\t\t\t<div class=\"elementor-widget-wrap elementor-element-populated\">\n\t\t\t\t\t\t<div class=\"elementor-element elementor-element-6709611 elementor-widget elementor-widget-heading\" data-id=\"6709611\" data-element_type=\"widget\" data-widget_type=\"heading.default\">\n\t\t\t\t<div class=\"elementor-widget-container\">\n\t\t\t<h2 class=\"elementor-heading-title elementor-size-default\">Comiss\u00e3o de \u00c9tica no Uso dos Animais (CEUA) <br><\/h2>\t\t<\/div>\n\t\t\t\t<\/div>\n\t\t\t\t<div class=\"elementor-element elementor-element-6df456b elementor-align-center elementor-widget elementor-widget-button\" data-id=\"6df456b\" data-element_type=\"widget\" data-widget_type=\"button.default\">\n\t\t\t\t<div class=\"elementor-widget-container\">\n\t\t\t\t\t\t\t<div class=\"elementor-button-wrapper\">\n\t\t\t\t\t<a class=\"elementor-button elementor-button-link elementor-size-sm\" href=\"https:\/\/ww3.icb.usp.br\/pes\/etica-no-uso-dos-animais-ceua\/\" target=\"_blank\">\n\t\t\t\t\t\t<span class=\"elementor-button-content-wrapper\">\n\t\t\t\t\t\t\t\t\t<span class=\"elementor-button-text\">Clique aqui<\/span>\n\t\t\t\t\t<\/span>\n\t\t\t\t\t<\/a>\n\t\t\t\t<\/div>\n\t\t\t\t\t\t<\/div>\n\t\t\t\t<\/div>\n\t\t\t\t\t<\/div>\n\t\t<\/div>\n\t\t\t\t<div class=\"elementor-column elementor-col-33 elementor-top-column elementor-element elementor-element-44db97f\" data-id=\"44db97f\" data-element_type=\"column\">\n\t\t\t<div class=\"elementor-widget-wrap elementor-element-populated\">\n\t\t\t\t\t\t<div class=\"elementor-element elementor-element-071c9ef elementor-widget elementor-widget-heading\" data-id=\"071c9ef\" data-element_type=\"widget\" data-widget_type=\"heading.default\">\n\t\t\t\t<div class=\"elementor-widget-container\">\n\t\t\t<h2 class=\"elementor-heading-title elementor-size-default\">Comit\u00ea de \u00c9tica em Pesquisa em Seres Humanos (CEPSH)\u200b<\/h2>\t\t<\/div>\n\t\t\t\t<\/div>\n\t\t\t\t<div class=\"elementor-element elementor-element-c73e870 elementor-align-center elementor-widget elementor-widget-button\" data-id=\"c73e870\" data-element_type=\"widget\" data-widget_type=\"button.default\">\n\t\t\t\t<div class=\"elementor-widget-container\">\n\t\t\t\t\t\t\t<div class=\"elementor-button-wrapper\">\n\t\t\t\t\t<a class=\"elementor-button elementor-button-link elementor-size-sm\" href=\"https:\/\/ww3.icb.usp.br\/cepsh\/\" target=\"_blank\">\n\t\t\t\t\t\t<span class=\"elementor-button-content-wrapper\">\n\t\t\t\t\t\t\t\t\t<span class=\"elementor-button-text\">Clique aqui<\/span>\n\t\t\t\t\t<\/span>\n\t\t\t\t\t<\/a>\n\t\t\t\t<\/div>\n\t\t\t\t\t\t<\/div>\n\t\t\t\t<\/div>\n\t\t\t\t\t<\/div>\n\t\t<\/div>\n\t\t\t\t<div class=\"elementor-column elementor-col-33 elementor-top-column elementor-element elementor-element-4647e63\" data-id=\"4647e63\" data-element_type=\"column\">\n\t\t\t<div class=\"elementor-widget-wrap elementor-element-populated\">\n\t\t\t\t\t\t<div class=\"elementor-element elementor-element-05afddb elementor-widget elementor-widget-heading\" data-id=\"05afddb\" data-element_type=\"widget\" data-widget_type=\"heading.default\">\n\t\t\t\t<div class=\"elementor-widget-container\">\n\t\t\t<h2 class=\"elementor-heading-title elementor-size-default\">Solicita\u00e7\u00e3o da Declara\u00e7\u00e3o do Comit\u00ea de \u00c9tica em Pesquisa <\/h2>\t\t<\/div>\n\t\t\t\t<\/div>\n\t\t\t\t<div class=\"elementor-element elementor-element-b57467e elementor-align-center elementor-widget elementor-widget-button\" data-id=\"b57467e\" data-element_type=\"widget\" data-widget_type=\"button.default\">\n\t\t\t\t<div class=\"elementor-widget-container\">\n\t\t\t\t\t\t\t<div class=\"elementor-button-wrapper\">\n\t\t\t\t\t<a class=\"elementor-button elementor-button-link elementor-size-sm\" href=\"https:\/\/ww3.icb.usp.br\/pes\/solicitacao-de-declaracao-cep\/\" target=\"_blank\">\n\t\t\t\t\t\t<span class=\"elementor-button-content-wrapper\">\n\t\t\t\t\t\t\t\t\t<span class=\"elementor-button-text\">Clique aqui<\/span>\n\t\t\t\t\t<\/span>\n\t\t\t\t\t<\/a>\n\t\t\t\t<\/div>\n\t\t\t\t\t\t<\/div>\n\t\t\t\t<\/div>\n\t\t\t\t\t<\/div>\n\t\t<\/div>\n\t\t\t\t\t<\/div>\n\t\t<\/section>\n\t\t\t\t<section class=\"elementor-section elementor-top-section elementor-element elementor-element-8f07150 elementor-section-boxed elementor-section-height-default elementor-section-height-default\" data-id=\"8f07150\" data-element_type=\"section\">\n\t\t\t\t\t\t<div class=\"elementor-container elementor-column-gap-default\">\n\t\t\t\t\t<div class=\"elementor-column elementor-col-100 elementor-top-column elementor-element elementor-element-25924ec\" data-id=\"25924ec\" data-element_type=\"column\">\n\t\t\t<div class=\"elementor-widget-wrap elementor-element-populated\">\n\t\t\t\t\t\t<div class=\"elementor-element elementor-element-1a62089 elementor-widget elementor-widget-spacer\" data-id=\"1a62089\" data-element_type=\"widget\" data-widget_type=\"spacer.default\">\n\t\t\t\t<div class=\"elementor-widget-container\">\n\t\t\t\t\t<div class=\"elementor-spacer\">\n\t\t\t<div class=\"elementor-spacer-inner\"><\/div>\n\t\t<\/div>\n\t\t\t\t<\/div>\n\t\t\t\t<\/div>\n\t\t\t\t\t<\/div>\n\t\t<\/div>\n\t\t\t\t\t<\/div>\n\t\t<\/section>\n\t\t\t\t<section class=\"elementor-section elementor-top-section elementor-element elementor-element-2ae565c elementor-section-boxed elementor-section-height-default elementor-section-height-default\" data-id=\"2ae565c\" data-element_type=\"section\">\n\t\t\t\t\t\t<div class=\"elementor-container elementor-column-gap-default\">\n\t\t\t\t\t<div class=\"elementor-column elementor-col-100 elementor-top-column elementor-element elementor-element-4d976ce\" data-id=\"4d976ce\" data-element_type=\"column\">\n\t\t\t<div class=\"elementor-widget-wrap elementor-element-populated\">\n\t\t\t\t\t\t<div class=\"elementor-element elementor-element-7a09e0e elementor-widget elementor-widget-text-editor\" data-id=\"7a09e0e\" data-element_type=\"widget\" data-widget_type=\"text-editor.default\">\n\t\t\t\t<div class=\"elementor-widget-container\">\n\t\t\t\t\t\t\t<p>Cursos obrigat\u00f3rios<\/p>\t\t\t\t\t\t<\/div>\n\t\t\t\t<\/div>\n\t\t\t\t\t<\/div>\n\t\t<\/div>\n\t\t\t\t\t<\/div>\n\t\t<\/section>\n\t\t\t\t<section class=\"elementor-section elementor-top-section elementor-element elementor-element-777c6cc elementor-section-boxed elementor-section-height-default elementor-section-height-default\" data-id=\"777c6cc\" data-element_type=\"section\">\n\t\t\t\t\t\t<div class=\"elementor-container elementor-column-gap-default\">\n\t\t\t\t\t<div class=\"elementor-column elementor-col-100 elementor-top-column elementor-element elementor-element-a5b0968\" data-id=\"a5b0968\" data-element_type=\"column\">\n\t\t\t<div class=\"elementor-widget-wrap elementor-element-populated\">\n\t\t\t\t\t\t<div class=\"elementor-element elementor-element-93b4573 elementor-widget elementor-widget-text-editor\" data-id=\"93b4573\" data-element_type=\"widget\" data-widget_type=\"text-editor.default\">\n\t\t\t\t<div class=\"elementor-widget-container\">\n\t\t\t\t\t\t\t<p>Todos os p\u00f3s-graduandos devem realizar os cursos obrigat\u00f3rios \u00abBiosseguranca e boas pr\u00e1ticas de laborat\u00f3rio\u00bb e \u00abArmazenamento, manuseio e descarte de produtos qu\u00edmicos\u00bb e, de acordo com com suas atividades em pesquisa, devem realizar tamb\u00e9m o curso \u00abUso de animais para experimenta\u00e7\u00e3o\u00bb<\/p>\t\t\t\t\t\t<\/div>\n\t\t\t\t<\/div>\n\t\t\t\t\t<\/div>\n\t\t<\/div>\n\t\t\t\t\t<\/div>\n\t\t<\/section>\n\t\t\t\t<section class=\"elementor-section elementor-top-section elementor-element elementor-element-3a5c648 elementor-section-boxed elementor-section-height-default elementor-section-height-default\" data-id=\"3a5c648\" data-element_type=\"section\">\n\t\t\t\t\t\t<div class=\"elementor-container elementor-column-gap-extended\">\n\t\t\t\t\t<div class=\"elementor-column elementor-col-33 elementor-top-column elementor-element elementor-element-12467d0\" data-id=\"12467d0\" data-element_type=\"column\">\n\t\t\t<div class=\"elementor-widget-wrap elementor-element-populated\">\n\t\t\t\t\t\t<div class=\"elementor-element elementor-element-8f0280f elementor-widget elementor-widget-heading\" data-id=\"8f0280f\" data-element_type=\"widget\" data-widget_type=\"heading.default\">\n\t\t\t\t<div class=\"elementor-widget-container\">\n\t\t\t<h2 class=\"elementor-heading-title elementor-size-default\">Biosseguranca e boas pr\u00e1ticas de laborat\u00f3rio<\/h2>\t\t<\/div>\n\t\t\t\t<\/div>\n\t\t\t\t<div class=\"elementor-element elementor-element-f3efdf3 elementor-align-center elementor-widget elementor-widget-button\" data-id=\"f3efdf3\" data-element_type=\"widget\" data-widget_type=\"button.default\">\n\t\t\t\t<div class=\"elementor-widget-container\">\n\t\t\t\t\t\t\t<div class=\"elementor-button-wrapper\">\n\t\t\t\t\t<a class=\"elementor-button elementor-button-link elementor-size-sm\" href=\"http:\/\/www.icb.usp.br\/infoicb\/cursos\/curso_Biosseguranca_e_Boas_Praticas_de_Laboratorio.pdf\" target=\"_blank\">\n\t\t\t\t\t\t<span class=\"elementor-button-content-wrapper\">\n\t\t\t\t\t\t\t\t\t<span class=\"elementor-button-text\">Clique aqui<\/span>\n\t\t\t\t\t<\/span>\n\t\t\t\t\t<\/a>\n\t\t\t\t<\/div>\n\t\t\t\t\t\t<\/div>\n\t\t\t\t<\/div>\n\t\t\t\t\t<\/div>\n\t\t<\/div>\n\t\t\t\t<div class=\"elementor-column elementor-col-33 elementor-top-column elementor-element elementor-element-e825318\" data-id=\"e825318\" data-element_type=\"column\">\n\t\t\t<div class=\"elementor-widget-wrap elementor-element-populated\">\n\t\t\t\t\t\t<div class=\"elementor-element elementor-element-ef88b9f elementor-widget elementor-widget-heading\" data-id=\"ef88b9f\" data-element_type=\"widget\" data-widget_type=\"heading.default\">\n\t\t\t\t<div class=\"elementor-widget-container\">\n\t\t\t<h2 class=\"elementor-heading-title elementor-size-default\">Armazenamento, manuseio e descarte de produtos qu\u00edmicos<\/h2>\t\t<\/div>\n\t\t\t\t<\/div>\n\t\t\t\t<div class=\"elementor-element elementor-element-3d749c7 elementor-align-center elementor-widget elementor-widget-button\" data-id=\"3d749c7\" data-element_type=\"widget\" data-widget_type=\"button.default\">\n\t\t\t\t<div class=\"elementor-widget-container\">\n\t\t\t\t\t\t\t<div class=\"elementor-button-wrapper\">\n\t\t\t\t\t<a class=\"elementor-button elementor-button-link elementor-size-sm\" href=\"http:\/\/www.icb.usp.br\/infoicb\/cursos\/curso_Armazenamento_Manuseio_e_Descarte_de_Produtos_Quimicos.pdf\" target=\"_blank\">\n\t\t\t\t\t\t<span class=\"elementor-button-content-wrapper\">\n\t\t\t\t\t\t\t\t\t<span class=\"elementor-button-text\">Clique aqui<\/span>\n\t\t\t\t\t<\/span>\n\t\t\t\t\t<\/a>\n\t\t\t\t<\/div>\n\t\t\t\t\t\t<\/div>\n\t\t\t\t<\/div>\n\t\t\t\t\t<\/div>\n\t\t<\/div>\n\t\t\t\t<div class=\"elementor-column elementor-col-33 elementor-top-column elementor-element elementor-element-0283872\" data-id=\"0283872\" data-element_type=\"column\">\n\t\t\t<div class=\"elementor-widget-wrap elementor-element-populated\">\n\t\t\t\t\t\t<div class=\"elementor-element elementor-element-7554453 elementor-widget elementor-widget-heading\" data-id=\"7554453\" data-element_type=\"widget\" data-widget_type=\"heading.default\">\n\t\t\t\t<div class=\"elementor-widget-container\">\n\t\t\t<h2 class=\"elementor-heading-title elementor-size-default\">Uso de animais para experimenta\u00e7\u00e3o<\/h2>\t\t<\/div>\n\t\t\t\t<\/div>\n\t\t\t\t<div class=\"elementor-element elementor-element-fad10df elementor-align-center elementor-widget elementor-widget-button\" data-id=\"fad10df\" data-element_type=\"widget\" data-widget_type=\"button.default\">\n\t\t\t\t<div class=\"elementor-widget-container\">\n\t\t\t\t\t\t\t<div class=\"elementor-button-wrapper\">\n\t\t\t\t\t<a class=\"elementor-button elementor-button-link elementor-size-sm\" href=\"http:\/\/www.icb.usp.br\/infoicb\/cursos\/curso_Uso_de_Animais_para_Experimentacao.pdf\" target=\"_blank\">\n\t\t\t\t\t\t<span class=\"elementor-button-content-wrapper\">\n\t\t\t\t\t\t\t\t\t<span class=\"elementor-button-text\">Clique aqui<\/span>\n\t\t\t\t\t<\/span>\n\t\t\t\t\t<\/a>\n\t\t\t\t<\/div>\n\t\t\t\t\t\t<\/div>\n\t\t\t\t<\/div>\n\t\t\t\t\t<\/div>\n\t\t<\/div>\n\t\t\t\t\t<\/div>\n\t\t<\/section>\n\t\t\t\t<\/div>\n\t\t","protected":false},"excerpt":{"rendered":"<p>Dados de matr\u00edcula Candidatos aprovados no processo seletivo devem enviar todos os documentos para a matr\u00edcula indicados abaixo por email para micropos@icb.usp.br. Documenta\u00e7\u00e3o obrigat\u00f3ria para a matr\u00edcula. Todos os formul\u00e1rios &hellip; <\/p>\n<p class=\"link-more\"><a href=\"https:\/\/posbmm.icb.usp.br\/es\/matricula\/\" class=\"more-link\">Continuar leyendo<span class=\"screen-reader-text\"> \u00abMatr\u00edcula\u00bb<\/span><\/a><\/p>\n","protected":false},"author":22413,"featured_media":0,"parent":0,"menu_order":0,"comment_status":"closed","ping_status":"closed","template":"elementor_header_footer","meta":{"footnotes":"","_links_to":"","_links_to_target":""},"class_list":["post-4823","page","type-page","status-publish","hentry"],"_links":{"self":[{"href":"https:\/\/posbmm.icb.usp.br\/es\/wp-json\/wp\/v2\/pages\/4823","targetHints":{"allow":["GET"]}}],"collection":[{"href":"https:\/\/posbmm.icb.usp.br\/es\/wp-json\/wp\/v2\/pages"}],"about":[{"href":"https:\/\/posbmm.icb.usp.br\/es\/wp-json\/wp\/v2\/types\/page"}],"author":[{"embeddable":true,"href":"https:\/\/posbmm.icb.usp.br\/es\/wp-json\/wp\/v2\/users\/22413"}],"replies":[{"embeddable":true,"href":"https:\/\/posbmm.icb.usp.br\/es\/wp-json\/wp\/v2\/comments?post=4823"}],"version-history":[{"count":4,"href":"https:\/\/posbmm.icb.usp.br\/es\/wp-json\/wp\/v2\/pages\/4823\/revisions"}],"predecessor-version":[{"id":8167,"href":"https:\/\/posbmm.icb.usp.br\/es\/wp-json\/wp\/v2\/pages\/4823\/revisions\/8167"}],"wp:attachment":[{"href":"https:\/\/posbmm.icb.usp.br\/es\/wp-json\/wp\/v2\/media?parent=4823"}],"curies":[{"name":"wp","href":"https:\/\/api.w.org\/{rel}","templated":true}]}}