{"id":622,"date":"2023-03-08T00:20:35","date_gmt":"2023-03-08T03:20:35","guid":{"rendered":"https:\/\/dev-scitecjr.com.br\/?page_id=622"},"modified":"2026-01-27T17:35:11","modified_gmt":"2026-01-27T20:35:11","slug":"internacional","status":"publish","type":"page","link":"https:\/\/posbmm.icb.usp.br\/es\/internacional\/","title":{"rendered":"Internacionaliza\u00e7\u00e3o"},"content":{"rendered":"\t\t<div data-elementor-type=\"wp-page\" data-elementor-id=\"622\" class=\"elementor elementor-622\" data-elementor-post-type=\"page\">\n\t\t\t\t\t\t<section class=\"elementor-section elementor-top-section elementor-element elementor-element-6e00add elementor-section-full_width elementor-section-height-default elementor-section-height-default\" data-id=\"6e00add\" data-element_type=\"section\" data-settings=\"{&quot;background_background&quot;:&quot;classic&quot;}\">\n\t\t\t\t\t\t\t<div class=\"elementor-background-overlay\"><\/div>\n\t\t\t\t\t\t\t<div class=\"elementor-container elementor-column-gap-default\">\n\t\t\t\t\t<div class=\"elementor-column elementor-col-100 elementor-top-column elementor-element elementor-element-7035da0\" data-id=\"7035da0\" data-element_type=\"column\">\n\t\t\t<div class=\"elementor-widget-wrap elementor-element-populated\">\n\t\t\t\t\t\t<div class=\"elementor-element elementor-element-790dfac elementor-widget elementor-widget-heading\" data-id=\"790dfac\" data-element_type=\"widget\" data-widget_type=\"heading.default\">\n\t\t\t\t<div class=\"elementor-widget-container\">\n\t\t\t<h2 class=\"elementor-heading-title elementor-size-xl\">Internacionaliza\u00e7\u00e3o<\/h2>\t\t<\/div>\n\t\t\t\t<\/div>\n\t\t\t\t\t<\/div>\n\t\t<\/div>\n\t\t\t\t\t<\/div>\n\t\t<\/section>\n\t\t\t\t<section class=\"elementor-section elementor-top-section elementor-element elementor-element-972ead3 elementor-section-boxed elementor-section-height-default elementor-section-height-default\" data-id=\"972ead3\" data-element_type=\"section\">\n\t\t\t\t\t\t<div class=\"elementor-container elementor-column-gap-default\">\n\t\t\t\t\t<div class=\"elementor-column elementor-col-100 elementor-top-column elementor-element elementor-element-2b434f8\" data-id=\"2b434f8\" data-element_type=\"column\">\n\t\t\t<div class=\"elementor-widget-wrap elementor-element-populated\">\n\t\t\t\t\t\t<div class=\"elementor-element elementor-element-f0e7f39 elementor-widget elementor-widget-text-editor\" data-id=\"f0e7f39\" data-element_type=\"widget\" data-widget_type=\"text-editor.default\">\n\t\t\t\t<div class=\"elementor-widget-container\">\n\t\t\t\t\t\t\t<p><span style=\"font-weight: 400;\">O programa de P\u00f3s-gradua\u00e7\u00e3o em Microbiologia (PPG-Micro), em conson\u00e2ncia com a Pr\u00f3-reitoria de P\u00f3s-gradua\u00e7\u00e3o da USP, estimula a internacionaliza\u00e7\u00e3o de seus alunos e orientadores.<\/span><\/p><p><span style=\"font-weight: 400;\">O programa aceita candidatos estrangeiros para o mestrado ou doutorado e o\u00a0exame de conhecimento em Microbiologia pode ser realizado em portugu\u00eas ou ingl\u00eas.<\/span><\/p><p><span style=\"font-weight: 400;\">De acordo com as normas vigentes na USP, tanto a disserta\u00e7\u00e3o de mestrado como a tese de doutorado podem ser redigidas em portugu\u00eas ou ingl\u00eas.<\/span><\/p><p><span style=\"font-weight: 400;\">Muitos orientadores do programa mant\u00e9m v\u00ednculos com universidades e institui\u00e7\u00f5es de pesquisa de outros pa\u00edses e v\u00e1rios alunos do programa participam de est\u00e1gios no exterior, geralmente apoiados por ag\u00eancias de fomento \u00e0 pesquisa.\u00a0<\/span><\/p><p><span style=\"font-weight: 400;\">Al\u00e9m disso, a PRPG-USP e o PPG-Micro por meio de conv\u00eanios com Universidades estrangeiras possibilitam que o p\u00f3s-graduando obtenha dupla-titula\u00e7\u00e3o no mestrado e doutorado.<\/span><\/p><p><span style=\"font-weight: 400;\">No \u00faltimo quadri\u00eanio (2017-2020) nosso programa teve uma m\u00e9dia de 12,75 alunos estrangeiros matriculados ao ano, o que corresponde a aproximadamente 13% do total de alunos do programa. <\/span><span style=\"font-weight: 400;\">Al\u00e9m disso, o programa <\/span><span style=\"font-weight: 400;\">teve uma m\u00e9dia<\/span><span style=\"font-weight: 400;\"> de 8,5 alunos de p\u00f3s-gradua\u00e7\u00e3o ao ano que realizaram est\u00e1gios no exterior, com bolsas PDSE (Edital Print USP\/CAPES) ou BEPE (FAPESP), ou de outros \u00f3rg\u00e3os de fomento.<\/span><\/p><p><span style=\"font-weight: 400;\">O programa tamb\u00e9m apoia a participa\u00e7\u00e3o de alunos de doutorado em congressos internacionais conforme explicitado na se\u00e7\u00e3o de aux\u00edlios financeiros. <\/span><\/p><div id=\"acfifjfajpekbmhmjppnmmjgmhjkildl\" class=\"acfifjfajpekbmhmjppnmmjgmhjkildl\">\u00a0<\/div>\t\t\t\t\t\t<\/div>\n\t\t\t\t<\/div>\n\t\t\t\t\t<\/div>\n\t\t<\/div>\n\t\t\t\t\t<\/div>\n\t\t<\/section>\n\t\t\t\t<section class=\"elementor-section elementor-top-section elementor-element elementor-element-d50ca0b elementor-section-boxed elementor-section-height-default elementor-section-height-default\" data-id=\"d50ca0b\" data-element_type=\"section\">\n\t\t\t\t\t\t<div class=\"elementor-container elementor-column-gap-default\">\n\t\t\t\t\t<div class=\"elementor-column elementor-col-100 elementor-top-column elementor-element elementor-element-eb1d586\" data-id=\"eb1d586\" data-element_type=\"column\">\n\t\t\t<div class=\"elementor-widget-wrap elementor-element-populated\">\n\t\t\t\t\t\t<div class=\"elementor-element elementor-element-b77b5aa elementor-widget elementor-widget-heading\" data-id=\"b77b5aa\" data-element_type=\"widget\" data-widget_type=\"heading.default\">\n\t\t\t\t<div class=\"elementor-widget-container\">\n\t\t\t<h2 class=\"elementor-heading-title elementor-size-default\">Bolsas e aux\u00edlios<\/h2>\t\t<\/div>\n\t\t\t\t<\/div>\n\t\t\t\t<div class=\"elementor-element elementor-element-e1a448d elementor-align-center elementor-widget elementor-widget-button\" data-id=\"e1a448d\" data-element_type=\"widget\" data-widget_type=\"button.default\">\n\t\t\t\t<div class=\"elementor-widget-container\">\n\t\t\t\t\t\t\t<div class=\"elementor-button-wrapper\">\n\t\t\t\t\t<a class=\"elementor-button elementor-button-link elementor-size-sm\" href=\"#\">\n\t\t\t\t\t\t<span class=\"elementor-button-content-wrapper\">\n\t\t\t\t\t\t\t\t\t<span class=\"elementor-button-text\">Clique aqui<\/span>\n\t\t\t\t\t<\/span>\n\t\t\t\t\t<\/a>\n\t\t\t\t<\/div>\n\t\t\t\t\t\t<\/div>\n\t\t\t\t<\/div>\n\t\t\t\t\t<\/div>\n\t\t<\/div>\n\t\t\t\t\t<\/div>\n\t\t<\/section>\n\t\t\t\t<section class=\"elementor-section elementor-top-section elementor-element elementor-element-c99a155 elementor-section-boxed elementor-section-height-default elementor-section-height-default\" data-id=\"c99a155\" data-element_type=\"section\">\n\t\t\t\t\t\t<div class=\"elementor-container elementor-column-gap-default\">\n\t\t\t\t\t<div class=\"elementor-column elementor-col-100 elementor-top-column elementor-element elementor-element-6e79b55\" data-id=\"6e79b55\" data-element_type=\"column\">\n\t\t\t<div class=\"elementor-widget-wrap elementor-element-populated\">\n\t\t\t\t\t\t<div class=\"elementor-element elementor-element-b5d8145 elementor-widget elementor-widget-heading\" data-id=\"b5d8145\" data-element_type=\"widget\" data-widget_type=\"heading.default\">\n\t\t\t\t<div class=\"elementor-widget-container\">\n\t\t\t<h2 class=\"elementor-heading-title elementor-size-default\">Veja abaixo as principais formas para est\u00e1gios de pesquisa no exterior:<\/h2>\t\t<\/div>\n\t\t\t\t<\/div>\n\t\t\t\t\t<\/div>\n\t\t<\/div>\n\t\t\t\t\t<\/div>\n\t\t<\/section>\n\t\t\t\t<section class=\"elementor-section elementor-top-section elementor-element elementor-element-3ad69f7 elementor-section-boxed elementor-section-height-default elementor-section-height-default\" data-id=\"3ad69f7\" data-element_type=\"section\">\n\t\t\t\t\t\t<div class=\"elementor-container elementor-column-gap-default\">\n\t\t\t\t\t<div class=\"elementor-column elementor-col-50 elementor-top-column elementor-element elementor-element-749263f\" data-id=\"749263f\" data-element_type=\"column\">\n\t\t\t<div class=\"elementor-widget-wrap elementor-element-populated\">\n\t\t\t\t\t\t<div class=\"elementor-element elementor-element-220943e elementor-widget elementor-widget-heading\" data-id=\"220943e\" data-element_type=\"widget\" data-widget_type=\"heading.default\">\n\t\t\t\t<div class=\"elementor-widget-container\">\n\t\t\t<h2 class=\"elementor-heading-title elementor-size-default\">Edital PRINT <br>USP\/CAPES<\/h2>\t\t<\/div>\n\t\t\t\t<\/div>\n\t\t\t\t<div class=\"elementor-element elementor-element-53e57e2 elementor-widget elementor-widget-text-editor\" data-id=\"53e57e2\" data-element_type=\"widget\" data-widget_type=\"text-editor.default\">\n\t\t\t\t<div class=\"elementor-widget-container\">\n\t\t\t\t\t\t\t<p><span style=\"font-weight: 400;\">Fiquem atentos aos editais <\/span><span style=\"font-weight: 400;\">abertos anualmente.<\/span><\/p>\t\t\t\t\t\t<\/div>\n\t\t\t\t<\/div>\n\t\t\t\t<div class=\"elementor-element elementor-element-8802559 elementor-align-center elementor-widget elementor-widget-button\" data-id=\"8802559\" data-element_type=\"widget\" data-widget_type=\"button.default\">\n\t\t\t\t<div class=\"elementor-widget-container\">\n\t\t\t\t\t\t\t<div class=\"elementor-button-wrapper\">\n\t\t\t\t\t<a class=\"elementor-button elementor-button-link elementor-size-sm\" href=\"https:\/\/sites.usp.br\/print\/\" target=\"_blank\">\n\t\t\t\t\t\t<span class=\"elementor-button-content-wrapper\">\n\t\t\t\t\t\t\t\t\t<span class=\"elementor-button-text\">Acesse aqui<\/span>\n\t\t\t\t\t<\/span>\n\t\t\t\t\t<\/a>\n\t\t\t\t<\/div>\n\t\t\t\t\t\t<\/div>\n\t\t\t\t<\/div>\n\t\t\t\t\t<\/div>\n\t\t<\/div>\n\t\t\t\t<div class=\"elementor-column elementor-col-50 elementor-top-column elementor-element elementor-element-5de4f5c\" data-id=\"5de4f5c\" data-element_type=\"column\">\n\t\t\t<div class=\"elementor-widget-wrap elementor-element-populated\">\n\t\t\t\t\t\t<div class=\"elementor-element elementor-element-cbca279 elementor-widget elementor-widget-heading\" data-id=\"cbca279\" data-element_type=\"widget\" data-widget_type=\"heading.default\">\n\t\t\t\t<div class=\"elementor-widget-container\">\n\t\t\t<h2 class=\"elementor-heading-title elementor-size-default\">BOLSA BEPE-FAPESP <br>(exclusivo para bolsista FAPESP)<\/h2>\t\t<\/div>\n\t\t\t\t<\/div>\n\t\t\t\t<div class=\"elementor-element elementor-element-6a7140b elementor-widget elementor-widget-text-editor\" data-id=\"6a7140b\" data-element_type=\"widget\" data-widget_type=\"text-editor.default\">\n\t\t\t\t<div class=\"elementor-widget-container\">\n\t\t\t\t\t\t\t<p><span style=\"font-weight: 400;\">O Envio da proposta de Bolsa Est\u00e1gio de <\/span><span style=\"font-weight: 400;\">Pesquisa no Exterior \u00e9 fluxo cont\u00ednuo.<\/span><\/p>\t\t\t\t\t\t<\/div>\n\t\t\t\t<\/div>\n\t\t\t\t<div class=\"elementor-element elementor-element-cb1b982 elementor-align-center elementor-widget elementor-widget-button\" data-id=\"cb1b982\" data-element_type=\"widget\" data-widget_type=\"button.default\">\n\t\t\t\t<div class=\"elementor-widget-container\">\n\t\t\t\t\t\t\t<div class=\"elementor-button-wrapper\">\n\t\t\t\t\t<a class=\"elementor-button elementor-button-link elementor-size-sm\" href=\"https:\/\/fapesp.br\/bolsas\/bepe\" target=\"_blank\">\n\t\t\t\t\t\t<span class=\"elementor-button-content-wrapper\">\n\t\t\t\t\t\t\t\t\t<span class=\"elementor-button-text\">Acesse aqui<\/span>\n\t\t\t\t\t<\/span>\n\t\t\t\t\t<\/a>\n\t\t\t\t<\/div>\n\t\t\t\t\t\t<\/div>\n\t\t\t\t<\/div>\n\t\t\t\t\t<\/div>\n\t\t<\/div>\n\t\t\t\t\t<\/div>\n\t\t<\/section>\n\t\t\t\t<section class=\"elementor-section elementor-top-section elementor-element elementor-element-b2ee5d7 elementor-section-boxed elementor-section-height-default elementor-section-height-default\" data-id=\"b2ee5d7\" data-element_type=\"section\">\n\t\t\t\t\t\t<div class=\"elementor-container elementor-column-gap-default\">\n\t\t\t\t\t<div class=\"elementor-column elementor-col-100 elementor-top-column elementor-element elementor-element-4291730\" data-id=\"4291730\" data-element_type=\"column\">\n\t\t\t<div class=\"elementor-widget-wrap elementor-element-populated\">\n\t\t\t\t\t\t<div class=\"elementor-element elementor-element-5205ee2 elementor-widget elementor-widget-heading\" data-id=\"5205ee2\" data-element_type=\"widget\" data-widget_type=\"heading.default\">\n\t\t\t\t<div class=\"elementor-widget-container\">\n\t\t\t<h2 class=\"elementor-heading-title elementor-size-default\">Programa de Dupla-titula\u00e7\u00e3o de Mestrado e Doutorado da P\u00f3s-gradua\u00e7\u00e3o em Microbiologia com a Universidade de M\u00fcnster<\/h2>\t\t<\/div>\n\t\t\t\t<\/div>\n\t\t\t\t\t<\/div>\n\t\t<\/div>\n\t\t\t\t\t<\/div>\n\t\t<\/section>\n\t\t\t\t<section class=\"elementor-section elementor-top-section elementor-element elementor-element-c884ed1 elementor-section-boxed elementor-section-height-default elementor-section-height-default\" data-id=\"c884ed1\" data-element_type=\"section\">\n\t\t\t\t\t\t<div class=\"elementor-container elementor-column-gap-default\">\n\t\t\t\t\t<div class=\"elementor-column elementor-col-100 elementor-top-column elementor-element elementor-element-37a337a\" data-id=\"37a337a\" data-element_type=\"column\">\n\t\t\t<div class=\"elementor-widget-wrap elementor-element-populated\">\n\t\t\t\t\t\t<div class=\"elementor-element elementor-element-0e5ca62 elementor-widget elementor-widget-heading\" data-id=\"0e5ca62\" data-element_type=\"widget\" data-widget_type=\"heading.default\">\n\t\t\t\t<div class=\"elementor-widget-container\">\n\t\t\t<h2 class=\"elementor-heading-title elementor-size-default\">Programa para mestrado<\/h2>\t\t<\/div>\n\t\t\t\t<\/div>\n\t\t\t\t<div class=\"elementor-element elementor-element-8d6f316 elementor-align-center elementor-widget elementor-widget-button\" data-id=\"8d6f316\" data-element_type=\"widget\" data-widget_type=\"button.default\">\n\t\t\t\t<div class=\"elementor-widget-container\">\n\t\t\t\t\t\t\t<div class=\"elementor-button-wrapper\">\n\t\t\t\t\t<a class=\"elementor-button elementor-button-link elementor-size-sm\" href=\"https:\/\/posbmm.icb.usp.br\/wp-content\/uploads\/sites\/951\/2023\/06\/Internacionalizacao-mestrado-MUNSTERxUSP_Termo-de-Convenio-Celebrado.pdf\">\n\t\t\t\t\t\t<span class=\"elementor-button-content-wrapper\">\n\t\t\t\t\t\t\t\t\t<span class=\"elementor-button-text\">Clique aqui<\/span>\n\t\t\t\t\t<\/span>\n\t\t\t\t\t<\/a>\n\t\t\t\t<\/div>\n\t\t\t\t\t\t<\/div>\n\t\t\t\t<\/div>\n\t\t\t\t\t<\/div>\n\t\t<\/div>\n\t\t\t\t\t<\/div>\n\t\t<\/section>\n\t\t\t\t<section class=\"elementor-section elementor-top-section elementor-element elementor-element-c9e4c92 elementor-section-boxed elementor-section-height-default elementor-section-height-default\" data-id=\"c9e4c92\" data-element_type=\"section\">\n\t\t\t\t\t\t<div class=\"elementor-container elementor-column-gap-default\">\n\t\t\t\t\t<div class=\"elementor-column elementor-col-100 elementor-top-column elementor-element elementor-element-9b0f728\" data-id=\"9b0f728\" data-element_type=\"column\">\n\t\t\t<div class=\"elementor-widget-wrap elementor-element-populated\">\n\t\t\t\t\t\t<div class=\"elementor-element elementor-element-697259c elementor-widget elementor-widget-heading\" data-id=\"697259c\" data-element_type=\"widget\" data-widget_type=\"heading.default\">\n\t\t\t\t<div class=\"elementor-widget-container\">\n\t\t\t<h2 class=\"elementor-heading-title elementor-size-default\">Para mais informa\u00e7\u00f5es sobre Dupla-titula\u00e7\u00e3o<\/h2>\t\t<\/div>\n\t\t\t\t<\/div>\n\t\t\t\t<div class=\"elementor-element elementor-element-390bb99 elementor-align-center elementor-widget elementor-widget-button\" data-id=\"390bb99\" data-element_type=\"widget\" data-widget_type=\"button.default\">\n\t\t\t\t<div class=\"elementor-widget-container\">\n\t\t\t\t\t\t\t<div class=\"elementor-button-wrapper\">\n\t\t\t\t\t<a class=\"elementor-button elementor-button-link elementor-size-sm\" href=\"\/\/prpg.usp.br\/index.php\/pt-br\/internacionalizacao\/dupla-multipla-titulacao\">\n\t\t\t\t\t\t<span class=\"elementor-button-content-wrapper\">\n\t\t\t\t\t\t\t\t\t<span class=\"elementor-button-text\">Clique aqui<\/span>\n\t\t\t\t\t<\/span>\n\t\t\t\t\t<\/a>\n\t\t\t\t<\/div>\n\t\t\t\t\t\t<\/div>\n\t\t\t\t<\/div>\n\t\t\t\t\t<\/div>\n\t\t<\/div>\n\t\t\t\t\t<\/div>\n\t\t<\/section>\n\t\t\t\t<section class=\"elementor-section elementor-top-section elementor-element elementor-element-118be48 elementor-section-boxed elementor-section-height-default elementor-section-height-default\" data-id=\"118be48\" data-element_type=\"section\">\n\t\t\t\t\t\t<div class=\"elementor-container elementor-column-gap-default\">\n\t\t\t\t\t<div class=\"elementor-column elementor-col-100 elementor-top-column elementor-element elementor-element-6aef268\" data-id=\"6aef268\" data-element_type=\"column\">\n\t\t\t<div class=\"elementor-widget-wrap elementor-element-populated\">\n\t\t\t\t\t\t<div class=\"elementor-element elementor-element-9d985c2 elementor-widget elementor-widget-heading\" data-id=\"9d985c2\" data-element_type=\"widget\" data-widget_type=\"heading.default\">\n\t\t\t\t<div class=\"elementor-widget-container\">\n\t\t\t<h2 class=\"elementor-heading-title elementor-size-default\">Fiquem atentos aos eventuais editais da Pr\u00f3-reitoria de P\u00f3s-gradua\u00e7\u00e3o da USP, CAPES, CNPq e de outras institui\u00e7\u00f5es p\u00fablicas e privadas.<\/h2>\t\t<\/div>\n\t\t\t\t<\/div>\n\t\t\t\t<div class=\"elementor-element elementor-element-b7d5aa6 elementor-widget elementor-widget-spacer\" data-id=\"b7d5aa6\" data-element_type=\"widget\" data-widget_type=\"spacer.default\">\n\t\t\t\t<div class=\"elementor-widget-container\">\n\t\t\t\t\t<div class=\"elementor-spacer\">\n\t\t\t<div class=\"elementor-spacer-inner\"><\/div>\n\t\t<\/div>\n\t\t\t\t<\/div>\n\t\t\t\t<\/div>\n\t\t\t\t<div class=\"elementor-element elementor-element-0dd7718 elementor-widget elementor-widget-text-editor\" data-id=\"0dd7718\" data-element_type=\"widget\" data-widget_type=\"text-editor.default\">\n\t\t\t\t<div class=\"elementor-widget-container\">\n\t\t\t\t\t\t\t<p><span style=\"font-weight: 400;\">\u201cA internacionaliza\u00e7\u00e3o se efetua, especialmente, por meio de acordos bilaterais, em que se desenvolvem projetos conjuntos de pesquisa entre grupos brasileiros e estrangeiros e pela mobilidade de alunos e docentes. Tais a\u00e7\u00f5es auxiliam na inser\u00e7\u00e3o em redes internacionais de pesquisa, na obten\u00e7\u00e3o de financiamento estrangeiro para pesquisas, na melhoria qualitativa das pesquisas e na obten\u00e7\u00e3o de duplo-diploma para mestrandos e doutorandos.\u00a0\u00a0<\/span><\/p><p><span style=\"font-weight: 400;\">A USP insere-se em Programas Nacionais e Internacionais de Coopera\u00e7\u00e3o, visando a proje\u00e7\u00e3o da p\u00f3s-gradua\u00e7\u00e3o nos contextos do Pa\u00eds e mundial. Ag\u00eancias de fomento como FAPESP, CAPES e CNPq financiam programas dessa natureza, sendo a oficializa\u00e7\u00e3o das parcerias na USP efetuada por meio de conv\u00eanios acad\u00eamicos, nacionais e internacionais.\u201d (PRPG-USP)<\/span><\/p><div id=\"acfifjfajpekbmhmjppnmmjgmhjkildl\" class=\"acfifjfajpekbmhmjppnmmjgmhjkildl\">\u00a0<\/div><div id=\"acfifjfajpekbmhmjppnmmjgmhjkildl\" class=\"acfifjfajpekbmhmjppnmmjgmhjkildl\">\u00a0<\/div><div id=\"acfifjfajpekbmhmjppnmmjgmhjkildl\" class=\"acfifjfajpekbmhmjppnmmjgmhjkildl\">\u00a0<\/div>\t\t\t\t\t\t<\/div>\n\t\t\t\t<\/div>\n\t\t\t\t\t<\/div>\n\t\t<\/div>\n\t\t\t\t\t<\/div>\n\t\t<\/section>\n\t\t\t\t<section class=\"elementor-section elementor-top-section elementor-element elementor-element-f766450 elementor-section-boxed elementor-section-height-default elementor-section-height-default\" data-id=\"f766450\" data-element_type=\"section\">\n\t\t\t\t\t\t<div class=\"elementor-container elementor-column-gap-default\">\n\t\t\t\t\t<div class=\"elementor-column elementor-col-100 elementor-top-column elementor-element elementor-element-788ad6d\" data-id=\"788ad6d\" data-element_type=\"column\">\n\t\t\t<div class=\"elementor-widget-wrap elementor-element-populated\">\n\t\t\t\t\t\t<div class=\"elementor-element elementor-element-a28de67 elementor-widget elementor-widget-heading\" data-id=\"a28de67\" data-element_type=\"widget\" data-widget_type=\"heading.default\">\n\t\t\t\t<div class=\"elementor-widget-container\">\n\t\t\t<h2 class=\"elementor-heading-title elementor-size-default\">Para mais informa\u00e7\u00f5es sobre internacionaliza\u00e7\u00e3o <br> consulte os sites da Pr\u00f3-reitora de P\u00f3s-gradua\u00e7\u00e3o da USP <br> e da AUCANI.<\/h2>\t\t<\/div>\n\t\t\t\t<\/div>\n\t\t\t\t<div class=\"elementor-element elementor-element-379665d elementor-align-center elementor-widget__width-initial elementor-widget elementor-widget-button\" data-id=\"379665d\" data-element_type=\"widget\" data-widget_type=\"button.default\">\n\t\t\t\t<div class=\"elementor-widget-container\">\n\t\t\t\t\t\t\t<div class=\"elementor-button-wrapper\">\n\t\t\t\t\t<a class=\"elementor-button elementor-button-link elementor-size-sm\" href=\"https:\/\/prpg.usp.br\/pt-br\/internacionalizacao\/internacionalizacao\">\n\t\t\t\t\t\t<span class=\"elementor-button-content-wrapper\">\n\t\t\t\t\t\t\t\t\t<span class=\"elementor-button-text\">Pr\u00f3-reitoria de P\u00f3s-gradua\u00e7\u00e3o<\/span>\n\t\t\t\t\t<\/span>\n\t\t\t\t\t<\/a>\n\t\t\t\t<\/div>\n\t\t\t\t\t\t<\/div>\n\t\t\t\t<\/div>\n\t\t\t\t<div class=\"elementor-element elementor-element-3a806d5 elementor-align-center elementor-widget__width-initial elementor-widget elementor-widget-button\" data-id=\"3a806d5\" data-element_type=\"widget\" data-widget_type=\"button.default\">\n\t\t\t\t<div class=\"elementor-widget-container\">\n\t\t\t\t\t\t\t<div class=\"elementor-button-wrapper\">\n\t\t\t\t\t<a class=\"elementor-button elementor-button-link elementor-size-sm\" href=\"https:\/\/internationaloffice.usp.br\/\">\n\t\t\t\t\t\t<span class=\"elementor-button-content-wrapper\">\n\t\t\t\t\t\t\t\t\t<span class=\"elementor-button-text\">AUCANI - Ag\u00eancia USP de Coopera\u00e7\u00e3o<br>Acad\u00eamica Nacional e Internacional<\/span>\n\t\t\t\t\t<\/span>\n\t\t\t\t\t<\/a>\n\t\t\t\t<\/div>\n\t\t\t\t\t\t<\/div>\n\t\t\t\t<\/div>\n\t\t\t\t\t<\/div>\n\t\t<\/div>\n\t\t\t\t\t<\/div>\n\t\t<\/section>\n\t\t\t\t<\/div>\n\t\t","protected":false},"excerpt":{"rendered":"<p>Internacionaliza\u00e7\u00e3o O programa de P\u00f3s-gradua\u00e7\u00e3o em Microbiologia (PPG-Micro), em conson\u00e2ncia com a Pr\u00f3-reitoria de P\u00f3s-gradua\u00e7\u00e3o da USP, estimula a internacionaliza\u00e7\u00e3o de seus alunos e orientadores. O programa aceita candidatos estrangeiros &hellip; <\/p>\n<p class=\"link-more\"><a href=\"https:\/\/posbmm.icb.usp.br\/es\/internacional\/\" class=\"more-link\">Continuar leyendo<span class=\"screen-reader-text\"> \u00abInternacionaliza\u00e7\u00e3o\u00bb<\/span><\/a><\/p>\n","protected":false},"author":22413,"featured_media":0,"parent":0,"menu_order":0,"comment_status":"closed","ping_status":"closed","template":"elementor_header_footer","meta":{"footnotes":"","_links_to":"","_links_to_target":""},"class_list":["post-622","page","type-page","status-publish","hentry"],"_links":{"self":[{"href":"https:\/\/posbmm.icb.usp.br\/es\/wp-json\/wp\/v2\/pages\/622","targetHints":{"allow":["GET"]}}],"collection":[{"href":"https:\/\/posbmm.icb.usp.br\/es\/wp-json\/wp\/v2\/pages"}],"about":[{"href":"https:\/\/posbmm.icb.usp.br\/es\/wp-json\/wp\/v2\/types\/page"}],"author":[{"embeddable":true,"href":"https:\/\/posbmm.icb.usp.br\/es\/wp-json\/wp\/v2\/users\/22413"}],"replies":[{"embeddable":true,"href":"https:\/\/posbmm.icb.usp.br\/es\/wp-json\/wp\/v2\/comments?post=622"}],"version-history":[{"count":4,"href":"https:\/\/posbmm.icb.usp.br\/es\/wp-json\/wp\/v2\/pages\/622\/revisions"}],"predecessor-version":[{"id":8422,"href":"https:\/\/posbmm.icb.usp.br\/es\/wp-json\/wp\/v2\/pages\/622\/revisions\/8422"}],"wp:attachment":[{"href":"https:\/\/posbmm.icb.usp.br\/es\/wp-json\/wp\/v2\/media?parent=622"}],"curies":[{"name":"wp","href":"https:\/\/api.w.org\/{rel}","templated":true}]}}