{"id":643,"date":"2023-03-08T00:28:26","date_gmt":"2023-03-08T03:28:26","guid":{"rendered":"https:\/\/dev-scitecjr.com.br\/?page_id=643"},"modified":"2023-06-18T21:23:35","modified_gmt":"2023-06-19T00:23:35","slug":"aluno-estrangeiro","status":"publish","type":"page","link":"https:\/\/posbmm.icb.usp.br\/es\/aluno-estrangeiro\/","title":{"rendered":"Aluno estrangeiro"},"content":{"rendered":"\t\t<div data-elementor-type=\"wp-page\" data-elementor-id=\"643\" class=\"elementor elementor-643\" data-elementor-post-type=\"page\">\n\t\t\t\t\t\t<section class=\"elementor-section elementor-top-section elementor-element elementor-element-08445a3 elementor-section-full_width elementor-section-height-default elementor-section-height-default\" data-id=\"08445a3\" data-element_type=\"section\" data-settings=\"{&quot;background_background&quot;:&quot;classic&quot;}\">\n\t\t\t\t\t\t\t<div class=\"elementor-background-overlay\"><\/div>\n\t\t\t\t\t\t\t<div class=\"elementor-container elementor-column-gap-default\">\n\t\t\t\t\t<div class=\"elementor-column elementor-col-100 elementor-top-column elementor-element elementor-element-c7976fa\" data-id=\"c7976fa\" data-element_type=\"column\">\n\t\t\t<div class=\"elementor-widget-wrap elementor-element-populated\">\n\t\t\t\t\t\t<div class=\"elementor-element elementor-element-12d835b elementor-widget elementor-widget-heading\" data-id=\"12d835b\" data-element_type=\"widget\" data-widget_type=\"heading.default\">\n\t\t\t\t<div class=\"elementor-widget-container\">\n\t\t\t<h2 class=\"elementor-heading-title elementor-size-xl\">Matr\u00edcula de aluno estrangeiro <\/h2>\t\t<\/div>\n\t\t\t\t<\/div>\n\t\t\t\t\t<\/div>\n\t\t<\/div>\n\t\t\t\t\t<\/div>\n\t\t<\/section>\n\t\t\t\t<section class=\"elementor-section elementor-top-section elementor-element elementor-element-a08ee82 elementor-section-boxed elementor-section-height-default elementor-section-height-default\" data-id=\"a08ee82\" data-element_type=\"section\">\n\t\t\t\t\t\t<div class=\"elementor-container elementor-column-gap-default\">\n\t\t\t\t\t<div class=\"elementor-column elementor-col-100 elementor-top-column elementor-element elementor-element-b36cdc0\" data-id=\"b36cdc0\" data-element_type=\"column\">\n\t\t\t<div class=\"elementor-widget-wrap elementor-element-populated\">\n\t\t\t\t\t\t<div class=\"elementor-element elementor-element-b8b97f8 elementor-widget elementor-widget-text-editor\" data-id=\"b8b97f8\" data-element_type=\"widget\" data-widget_type=\"text-editor.default\">\n\t\t\t\t<div class=\"elementor-widget-container\">\n\t\t\t\t\t\t\t<p><span style=\"font-weight: 400;\">Al\u00e9m do m\u00e9todo convencional, prestando e sendo aprovado no Exame de conhecimento em Microbiologia aplicado pelo pr\u00f3prio departamento, estrangeiros interessados em realizar Mestrado ou Doutorado em Microbiologia no ICB-USP podem ingressar na p\u00f3s-gradua\u00e7\u00e3o atrav\u00e9s do GRE Test. Mais informa\u00e7\u00f5es sobre este exame podem ser obtidas na p\u00e1gina oficial:<\/span><span style=\"color: var( --e-global-color-text ); font-size: 1.5rem; text-align: var(--text-align);\">\u00a0<\/span><\/p><div id=\"acfifjfajpekbmhmjppnmmjgmhjkildl\" class=\"acfifjfajpekbmhmjppnmmjgmhjkildl\">\u00a0<\/div>\t\t\t\t\t\t<\/div>\n\t\t\t\t<\/div>\n\t\t\t\t\t<\/div>\n\t\t<\/div>\n\t\t\t\t\t<\/div>\n\t\t<\/section>\n\t\t\t\t<section class=\"elementor-section elementor-top-section elementor-element elementor-element-7f52416 elementor-section-boxed elementor-section-height-default elementor-section-height-default\" data-id=\"7f52416\" data-element_type=\"section\">\n\t\t\t\t\t\t<div class=\"elementor-container elementor-column-gap-default\">\n\t\t\t\t\t<div class=\"elementor-column elementor-col-100 elementor-top-column elementor-element elementor-element-5376d52\" data-id=\"5376d52\" data-element_type=\"column\">\n\t\t\t<div class=\"elementor-widget-wrap elementor-element-populated\">\n\t\t\t\t\t\t<div class=\"elementor-element elementor-element-7c1160b elementor-widget elementor-widget-text-editor\" data-id=\"7c1160b\" data-element_type=\"widget\" data-widget_type=\"text-editor.default\">\n\t\t\t\t<div class=\"elementor-widget-container\">\n\t\t\t\t\t\t\t<p>GRE Test<\/p>\t\t\t\t\t\t<\/div>\n\t\t\t\t<\/div>\n\t\t\t\t<div class=\"elementor-element elementor-element-bc7d19b elementor-align-center elementor-widget elementor-widget-button\" data-id=\"bc7d19b\" data-element_type=\"widget\" data-widget_type=\"button.default\">\n\t\t\t\t<div class=\"elementor-widget-container\">\n\t\t\t\t\t\t\t<div class=\"elementor-button-wrapper\">\n\t\t\t\t\t<a class=\"elementor-button elementor-button-link elementor-size-sm\" href=\"https:\/\/www.ets.org\/gre.html\" target=\"_blank\">\n\t\t\t\t\t\t<span class=\"elementor-button-content-wrapper\">\n\t\t\t\t\t\t\t\t\t<span class=\"elementor-button-text\">Clique aqui<\/span>\n\t\t\t\t\t<\/span>\n\t\t\t\t\t<\/a>\n\t\t\t\t<\/div>\n\t\t\t\t\t\t<\/div>\n\t\t\t\t<\/div>\n\t\t\t\t\t<\/div>\n\t\t<\/div>\n\t\t\t\t\t<\/div>\n\t\t<\/section>\n\t\t\t\t<\/div>\n\t\t","protected":false},"excerpt":{"rendered":"<p>Matr\u00edcula de aluno estrangeiro Al\u00e9m do m\u00e9todo convencional, prestando e sendo aprovado no Exame de conhecimento em Microbiologia aplicado pelo pr\u00f3prio departamento, estrangeiros interessados em realizar Mestrado ou Doutorado em &hellip; <\/p>\n<p class=\"link-more\"><a href=\"https:\/\/posbmm.icb.usp.br\/es\/aluno-estrangeiro\/\" class=\"more-link\">Continuar leyendo<span class=\"screen-reader-text\"> \u00abAluno estrangeiro\u00bb<\/span><\/a><\/p>\n","protected":false},"author":22413,"featured_media":0,"parent":0,"menu_order":0,"comment_status":"closed","ping_status":"closed","template":"elementor_header_footer","meta":{"footnotes":"","_links_to":"","_links_to_target":""},"class_list":["post-643","page","type-page","status-publish","hentry"],"_links":{"self":[{"href":"https:\/\/posbmm.icb.usp.br\/es\/wp-json\/wp\/v2\/pages\/643","targetHints":{"allow":["GET"]}}],"collection":[{"href":"https:\/\/posbmm.icb.usp.br\/es\/wp-json\/wp\/v2\/pages"}],"about":[{"href":"https:\/\/posbmm.icb.usp.br\/es\/wp-json\/wp\/v2\/types\/page"}],"author":[{"embeddable":true,"href":"https:\/\/posbmm.icb.usp.br\/es\/wp-json\/wp\/v2\/users\/22413"}],"replies":[{"embeddable":true,"href":"https:\/\/posbmm.icb.usp.br\/es\/wp-json\/wp\/v2\/comments?post=643"}],"version-history":[{"count":4,"href":"https:\/\/posbmm.icb.usp.br\/es\/wp-json\/wp\/v2\/pages\/643\/revisions"}],"predecessor-version":[{"id":6765,"href":"https:\/\/posbmm.icb.usp.br\/es\/wp-json\/wp\/v2\/pages\/643\/revisions\/6765"}],"wp:attachment":[{"href":"https:\/\/posbmm.icb.usp.br\/es\/wp-json\/wp\/v2\/media?parent=643"}],"curies":[{"name":"wp","href":"https:\/\/api.w.org\/{rel}","templated":true}]}}