{"id":652,"date":"2023-03-08T00:29:51","date_gmt":"2023-03-08T03:29:51","guid":{"rendered":"https:\/\/dev-scitecjr.com.br\/?page_id=652"},"modified":"2024-03-14T13:48:03","modified_gmt":"2024-03-14T16:48:03","slug":"exame-de-qualificacao","status":"publish","type":"page","link":"https:\/\/posbmm.icb.usp.br\/es\/exame-de-qualificacao\/","title":{"rendered":"Exame de qualifica\u00e7\u00e3o"},"content":{"rendered":"\t\t<div data-elementor-type=\"wp-page\" data-elementor-id=\"652\" class=\"elementor elementor-652\" data-elementor-post-type=\"page\">\n\t\t\t\t\t\t<section class=\"elementor-section elementor-top-section elementor-element elementor-element-d46858e elementor-section-full_width elementor-section-height-default elementor-section-height-default\" data-id=\"d46858e\" data-element_type=\"section\" data-settings=\"{&quot;background_background&quot;:&quot;classic&quot;}\">\n\t\t\t\t\t\t\t<div class=\"elementor-background-overlay\"><\/div>\n\t\t\t\t\t\t\t<div class=\"elementor-container elementor-column-gap-default\">\n\t\t\t\t\t<div class=\"elementor-column elementor-col-100 elementor-top-column elementor-element elementor-element-9e9187e\" data-id=\"9e9187e\" data-element_type=\"column\">\n\t\t\t<div class=\"elementor-widget-wrap elementor-element-populated\">\n\t\t\t\t\t\t<div class=\"elementor-element elementor-element-181a4ca elementor-widget elementor-widget-heading\" data-id=\"181a4ca\" data-element_type=\"widget\" data-widget_type=\"heading.default\">\n\t\t\t\t<div class=\"elementor-widget-container\">\n\t\t\t<h2 class=\"elementor-heading-title elementor-size-xl\">Exame de qualifica\u00e7\u00e3o<\/h2>\t\t<\/div>\n\t\t\t\t<\/div>\n\t\t\t\t\t<\/div>\n\t\t<\/div>\n\t\t\t\t\t<\/div>\n\t\t<\/section>\n\t\t\t\t<section class=\"elementor-section elementor-top-section elementor-element elementor-element-9f3ce23 elementor-section-boxed elementor-section-height-default elementor-section-height-default\" data-id=\"9f3ce23\" data-element_type=\"section\">\n\t\t\t\t\t\t<div class=\"elementor-container elementor-column-gap-default\">\n\t\t\t\t\t<div class=\"elementor-column elementor-col-100 elementor-top-column elementor-element elementor-element-1128252\" data-id=\"1128252\" data-element_type=\"column\">\n\t\t\t<div class=\"elementor-widget-wrap elementor-element-populated\">\n\t\t\t\t\t\t<div class=\"elementor-element elementor-element-a9fd025 elementor-widget elementor-widget-text-editor\" data-id=\"a9fd025\" data-element_type=\"widget\" data-widget_type=\"text-editor.default\">\n\t\t\t\t<div class=\"elementor-widget-container\">\n\t\t\t\t\t\t\t<p><span style=\"font-weight: 400;\">O exame de qualifica\u00e7\u00e3o \u00e9 exigido tanto no curso de Mestrado quanto nos cursos de Doutorado e Doutorado Direto.<\/span><span style=\"font-weight: 400;\">\u00a0<\/span><\/p><p><span style=\"font-weight: 400;\">O objetivo do exame de qualifica\u00e7\u00e3o \u00e9 avaliar o hist\u00f3rico escolar de p\u00f3s-gradua\u00e7\u00e3o, o conhecimento sobre o tema de seu projeto, al\u00e9m da capacidade do p\u00f3s-graduando em executar seu projeto de pesquisa.<\/span><\/p><p><span style=\"font-weight: 400;\">Todos os documentos referentes \u00e0 qualifica\u00e7\u00e3o devem ser encaminhados por email para <\/span><a href=\"mailto:micropos@icb.usp.br\"><span style=\"font-weight: 400;\">micropos@icb.usp.br<\/span><\/a><span style=\"font-weight: 400;\"> at\u00e9 o dia do fechamento da pauta da reuni\u00e3o da CCP-BMM.<\/span><\/p><p><span style=\"font-weight: 400;\">A inscri\u00e7\u00e3o no exame de qualifica\u00e7\u00e3o \u00e9 de responsabilidade do p\u00f3s-graduando. O prazo m\u00e1ximo para a realiza\u00e7\u00e3o da inscri\u00e7\u00e3o no exame de qualifica\u00e7\u00e3o est\u00e1 indicado na Ficha de Aluno de cada p\u00f3s-graduando.<\/span><\/p><p><span style=\"font-weight: 400;\">A inscri\u00e7\u00e3o do p\u00f3s-graduando no exame de qualifica\u00e7\u00e3o passar\u00e1 pela reuni\u00e3o da CCP. Ap\u00f3s a reuni\u00e3o, o p\u00f3s-graduando ter\u00e1 60 dias para realizar o exame de qualifica\u00e7\u00e3o.<\/span><\/p><p><span style=\"font-weight: 400;\">O exame de qualifica\u00e7\u00e3o consiste em uma exposi\u00e7\u00e3o oral, em sess\u00e3o p\u00fablica, que ter\u00e1 dura\u00e7\u00e3o m\u00ednima de 20 e m\u00e1xima de 30 minutos, sendo seguida de argui\u00e7\u00e3o pela comiss\u00e3o examinadora, em sess\u00e3o privada, com os membros da comiss\u00e3o designados pela CCP. Cada examinador ter\u00e1 at\u00e9 30 minutos para argui\u00e7\u00e3o, seguindo-se a resposta do candidato em at\u00e9 30 minutos. Opcionalmente, a argui\u00e7\u00e3o poder\u00e1 ser feita na forma de di\u00e1logo, totalizando 60 minutos para a argui\u00e7\u00e3o de cada examinador e resposta do candidato<\/span><\/p><p><span style=\"font-weight: 400;\">O estudante que for reprovado no exame de qualifica\u00e7\u00e3o poder\u00e1 se inscrever para repeti-lo apenas uma vez, devendo realizar nova inscri\u00e7\u00e3o no prazo de at\u00e9 180 (cento e oitenta) dias ap\u00f3s a realiza\u00e7\u00e3o do primeiro exame. O segundo exame dever\u00e1 ser realizado no prazo de at\u00e9 60 (sessenta) dias ap\u00f3s a inscri\u00e7\u00e3o.<\/span><\/p><p><span style=\"font-weight: 400;\">Persistindo a reprova\u00e7\u00e3o, o estudante ser\u00e1 desligado do Programa e receber\u00e1 certificado das disciplinas cursadas.<\/span><\/p><p><span style=\"font-weight: 400;\">Os documentos necess\u00e1rios para a inscri\u00e7\u00e3o no exame de qualifica\u00e7\u00e3o s\u00e3o (todos os formul\u00e1rios podem ser baixados na p\u00e1gina de formul\u00e1rios para alunos.<\/span><\/p><ul><li style=\"list-style-type: none;\"><ul><li><span style=\"font-weight: 400;\">Formul\u00e1rios preenchidos e assinados (dispon\u00edveis na p\u00e1gina de formul\u00e1rios);<\/span><\/li><li>Sugest\u00e3o de banca (deve conter 12 nomes com forma\u00e7\u00e3o m\u00ednima de Doutor, com no m\u00ednimo 4 membros externos ao ICB, e sem nenhum v\u00ednculo direto com o orientador ou o p\u00f3s-graduando);<\/li><li>Certificados de aprova\u00e7\u00e3o e\/ou isen\u00e7\u00e3o das Comiss\u00f5es de \u00c9tica em Pesquisa do ICB ou na unidade da USP onde o p\u00f3s-graduando realiza suas atividades;<\/li><li>Certificados de aprova\u00e7\u00e3o nos cursos obrigat\u00f3rios pertinentes ao p\u00f3s-graduando: Uso de animais para experimenta\u00e7\u00e3o, Biosseguran\u00e7a e boas pr\u00e1ticas de laborat\u00f3rio, Armazenamento manuseio e descarte de produtos qu\u00edmicos;<\/li><li>Ficha de aluno com aprova\u00e7\u00e3o na disciplina \u201cICB5720 &#8211; Curso de Prote\u00e7\u00e3o Radiol\u00f3gica\u201d para os alunos que empregaram material radioativo no desenvolvimento de seu trabalho;<\/li><li>Manuscrito da qualifica\u00e7\u00e3o (Descri\u00e7\u00e3o do trabalho de pesquisa em andamento em formato de manuscrito para publica\u00e7\u00e3o, com at\u00e9 20 p\u00e1ginas. O manuscrito, redigido em portugu\u00eas ou ingl\u00eas, deve conter: T\u00edtulo, Autores, Resumo, Introdu\u00e7\u00e3o, Objetivos, Material e M\u00e9todos, Resultados Parciais, Discuss\u00e3o Parcial, Perspectivas, cronograma futuro e Refer\u00eancias Bibliogr\u00e1ficas. Podem ser inclu\u00eddos, como anexo, manuscritos publicados, aceitos, submetidos, ou em fase de submiss\u00e3o para publica\u00e7\u00e3o e redigidos em portugu\u00eas ou ingl\u00eas, desde que fa\u00e7am parte do trabalho de disserta\u00e7\u00e3o\/tese e o nome do p\u00f3s-graduando conste como primeiro autor).<\/li><\/ul><\/li><\/ul><div>\u00a0<\/div><div id=\"acfifjfajpekbmhmjppnmmjgmhjkildl\" class=\"acfifjfajpekbmhmjppnmmjgmhjkildl\">\u00a0<\/div><div id=\"acfifjfajpekbmhmjppnmmjgmhjkildl\" class=\"acfifjfajpekbmhmjppnmmjgmhjkildl\">\u00a0<\/div>\t\t\t\t\t\t<\/div>\n\t\t\t\t<\/div>\n\t\t\t\t\t<\/div>\n\t\t<\/div>\n\t\t\t\t\t<\/div>\n\t\t<\/section>\n\t\t\t\t<section class=\"elementor-section elementor-top-section elementor-element elementor-element-d8bffd8 elementor-section-boxed elementor-section-height-default elementor-section-height-default\" data-id=\"d8bffd8\" data-element_type=\"section\">\n\t\t\t\t\t\t<div class=\"elementor-container elementor-column-gap-extended\">\n\t\t\t\t\t<div class=\"elementor-column elementor-col-50 elementor-top-column elementor-element elementor-element-1d824cd\" data-id=\"1d824cd\" data-element_type=\"column\">\n\t\t\t<div class=\"elementor-widget-wrap elementor-element-populated\">\n\t\t\t\t\t\t<div class=\"elementor-element elementor-element-bb119c1 elementor-widget elementor-widget-heading\" data-id=\"bb119c1\" data-element_type=\"widget\" data-widget_type=\"heading.default\">\n\t\t\t\t<div class=\"elementor-widget-container\">\n\t\t\t<h2 class=\"elementor-heading-title elementor-size-default\">Orienta\u00e7\u00f5es para a reda\u00e7\u00e3o do trabalho escrito<\/h2>\t\t<\/div>\n\t\t\t\t<\/div>\n\t\t\t\t<div class=\"elementor-element elementor-element-d5c8041 elementor-align-center elementor-hidden-desktop elementor-hidden-tablet elementor-widget elementor-widget-button\" data-id=\"d5c8041\" data-element_type=\"widget\" data-widget_type=\"button.default\">\n\t\t\t\t<div class=\"elementor-widget-container\">\n\t\t\t\t\t\t\t<div class=\"elementor-button-wrapper\">\n\t\t\t\t\t<a class=\"elementor-button elementor-button-link elementor-size-sm\" href=\"https:\/\/posbmm.icb.usp.br\/wp-content\/uploads\/sites\/951\/2023\/06\/ORIENTACOES-PARA-A-REDACAO-TRABALHO-QUALIFICACAO-final.pdf\" target=\"_blank\">\n\t\t\t\t\t\t<span class=\"elementor-button-content-wrapper\">\n\t\t\t\t\t\t\t\t\t<span class=\"elementor-button-text\">Clique aqui<\/span>\n\t\t\t\t\t<\/span>\n\t\t\t\t\t<\/a>\n\t\t\t\t<\/div>\n\t\t\t\t\t\t<\/div>\n\t\t\t\t<\/div>\n\t\t\t\t\t<\/div>\n\t\t<\/div>\n\t\t\t\t<div class=\"elementor-column elementor-col-50 elementor-top-column elementor-element elementor-element-6c8fb34\" data-id=\"6c8fb34\" data-element_type=\"column\">\n\t\t\t<div class=\"elementor-widget-wrap elementor-element-populated\">\n\t\t\t\t\t\t<div class=\"elementor-element elementor-element-25b5256 elementor-widget elementor-widget-heading\" data-id=\"25b5256\" data-element_type=\"widget\" data-widget_type=\"heading.default\">\n\t\t\t\t<div class=\"elementor-widget-container\">\n\t\t\t<h2 class=\"elementor-heading-title elementor-size-default\">P\u00e1gina de formul\u00e1rios<\/h2>\t\t<\/div>\n\t\t\t\t<\/div>\n\t\t\t\t<div class=\"elementor-element elementor-element-a9b7b43 elementor-align-center elementor-hidden-desktop elementor-hidden-tablet elementor-widget elementor-widget-button\" data-id=\"a9b7b43\" data-element_type=\"widget\" data-widget_type=\"button.default\">\n\t\t\t\t<div class=\"elementor-widget-container\">\n\t\t\t\t\t\t\t<div class=\"elementor-button-wrapper\">\n\t\t\t\t\t<a class=\"elementor-button elementor-button-link elementor-size-sm\" href=\"https:\/\/posbmm.icb.usp.br\/exame-de-qualificacao\/\" target=\"_blank\">\n\t\t\t\t\t\t<span class=\"elementor-button-content-wrapper\">\n\t\t\t\t\t\t\t\t\t<span class=\"elementor-button-text\">Clique aqui<\/span>\n\t\t\t\t\t<\/span>\n\t\t\t\t\t<\/a>\n\t\t\t\t<\/div>\n\t\t\t\t\t\t<\/div>\n\t\t\t\t<\/div>\n\t\t\t\t\t<\/div>\n\t\t<\/div>\n\t\t\t\t\t<\/div>\n\t\t<\/section>\n\t\t\t\t<section class=\"elementor-section elementor-top-section elementor-element elementor-element-052f611 elementor-hidden-mobile elementor-section-boxed elementor-section-height-default elementor-section-height-default\" data-id=\"052f611\" data-element_type=\"section\">\n\t\t\t\t\t\t<div class=\"elementor-container elementor-column-gap-default\">\n\t\t\t\t\t<div class=\"elementor-column elementor-col-50 elementor-top-column elementor-element elementor-element-a4c62fa\" data-id=\"a4c62fa\" data-element_type=\"column\">\n\t\t\t<div class=\"elementor-widget-wrap elementor-element-populated\">\n\t\t\t\t\t\t<div class=\"elementor-element elementor-element-869ebd8 elementor-align-center elementor-widget elementor-widget-button\" data-id=\"869ebd8\" data-element_type=\"widget\" data-widget_type=\"button.default\">\n\t\t\t\t<div class=\"elementor-widget-container\">\n\t\t\t\t\t\t\t<div class=\"elementor-button-wrapper\">\n\t\t\t\t\t<a class=\"elementor-button elementor-button-link elementor-size-sm\" href=\"https:\/\/posbmm.icb.usp.br\/wp-content\/uploads\/sites\/951\/2023\/06\/ORIENTACOES-PARA-A-REDACAO-TRABALHO-QUALIFICACAO-final.pdf\" target=\"_blank\">\n\t\t\t\t\t\t<span class=\"elementor-button-content-wrapper\">\n\t\t\t\t\t\t\t\t\t<span class=\"elementor-button-text\">Clique aqui<\/span>\n\t\t\t\t\t<\/span>\n\t\t\t\t\t<\/a>\n\t\t\t\t<\/div>\n\t\t\t\t\t\t<\/div>\n\t\t\t\t<\/div>\n\t\t\t\t\t<\/div>\n\t\t<\/div>\n\t\t\t\t<div class=\"elementor-column elementor-col-50 elementor-top-column elementor-element elementor-element-b106b74\" data-id=\"b106b74\" data-element_type=\"column\">\n\t\t\t<div class=\"elementor-widget-wrap elementor-element-populated\">\n\t\t\t\t\t\t<div class=\"elementor-element elementor-element-48c3f80 elementor-align-center elementor-widget elementor-widget-button\" data-id=\"48c3f80\" data-element_type=\"widget\" data-widget_type=\"button.default\">\n\t\t\t\t<div class=\"elementor-widget-container\">\n\t\t\t\t\t\t\t<div class=\"elementor-button-wrapper\">\n\t\t\t\t\t<a class=\"elementor-button elementor-button-link elementor-size-sm\" href=\"https:\/\/posbmm.icb.usp.br\/exame-de-qualificacao\/\" target=\"_blank\">\n\t\t\t\t\t\t<span class=\"elementor-button-content-wrapper\">\n\t\t\t\t\t\t\t\t\t<span class=\"elementor-button-text\">Clique aqui<\/span>\n\t\t\t\t\t<\/span>\n\t\t\t\t\t<\/a>\n\t\t\t\t<\/div>\n\t\t\t\t\t\t<\/div>\n\t\t\t\t<\/div>\n\t\t\t\t\t<\/div>\n\t\t<\/div>\n\t\t\t\t\t<\/div>\n\t\t<\/section>\n\t\t\t\t<section class=\"elementor-section elementor-top-section elementor-element elementor-element-33464ac elementor-section-boxed elementor-section-height-default elementor-section-height-default\" data-id=\"33464ac\" data-element_type=\"section\">\n\t\t\t\t\t\t<div class=\"elementor-container elementor-column-gap-default\">\n\t\t\t\t\t<div class=\"elementor-column elementor-col-100 elementor-top-column elementor-element elementor-element-0f889c7\" data-id=\"0f889c7\" data-element_type=\"column\">\n\t\t\t<div class=\"elementor-widget-wrap\">\n\t\t\t\t\t\t\t<\/div>\n\t\t<\/div>\n\t\t\t\t\t<\/div>\n\t\t<\/section>\n\t\t\t\t<\/div>\n\t\t","protected":false},"excerpt":{"rendered":"<p>Exame de qualifica\u00e7\u00e3o O exame de qualifica\u00e7\u00e3o \u00e9 exigido tanto no curso de Mestrado quanto nos cursos de Doutorado e Doutorado Direto.\u00a0 O objetivo do exame de qualifica\u00e7\u00e3o \u00e9 avaliar &hellip; <\/p>\n<p class=\"link-more\"><a href=\"https:\/\/posbmm.icb.usp.br\/es\/exame-de-qualificacao\/\" class=\"more-link\">Continuar leyendo<span class=\"screen-reader-text\"> \u00abExame de qualifica\u00e7\u00e3o\u00bb<\/span><\/a><\/p>\n","protected":false},"author":22413,"featured_media":0,"parent":0,"menu_order":0,"comment_status":"closed","ping_status":"closed","template":"elementor_header_footer","meta":{"footnotes":"","_links_to":"","_links_to_target":""},"class_list":["post-652","page","type-page","status-publish","hentry"],"_links":{"self":[{"href":"https:\/\/posbmm.icb.usp.br\/es\/wp-json\/wp\/v2\/pages\/652","targetHints":{"allow":["GET"]}}],"collection":[{"href":"https:\/\/posbmm.icb.usp.br\/es\/wp-json\/wp\/v2\/pages"}],"about":[{"href":"https:\/\/posbmm.icb.usp.br\/es\/wp-json\/wp\/v2\/types\/page"}],"author":[{"embeddable":true,"href":"https:\/\/posbmm.icb.usp.br\/es\/wp-json\/wp\/v2\/users\/22413"}],"replies":[{"embeddable":true,"href":"https:\/\/posbmm.icb.usp.br\/es\/wp-json\/wp\/v2\/comments?post=652"}],"version-history":[{"count":4,"href":"https:\/\/posbmm.icb.usp.br\/es\/wp-json\/wp\/v2\/pages\/652\/revisions"}],"predecessor-version":[{"id":7718,"href":"https:\/\/posbmm.icb.usp.br\/es\/wp-json\/wp\/v2\/pages\/652\/revisions\/7718"}],"wp:attachment":[{"href":"https:\/\/posbmm.icb.usp.br\/es\/wp-json\/wp\/v2\/media?parent=652"}],"curies":[{"name":"wp","href":"https:\/\/api.w.org\/{rel}","templated":true}]}}